{"id":6093,"date":"2023-09-10T22:13:21","date_gmt":"2023-09-10T19:13:21","guid":{"rendered":"https:\/\/packnet.com.tr\/text-zur-klarstellung\/"},"modified":"2023-09-10T22:13:22","modified_gmt":"2023-09-10T19:13:22","slug":"text-zur-klarstellung","status":"publish","type":"page","link":"https:\/\/packnet.com.tr\/de\/text-zur-klarstellung\/","title":{"rendered":"Text zur Klarstellung"},"content":{"rendered":"\t\t<div data-elementor-type=\"wp-page\" data-elementor-id=\"6093\" class=\"elementor elementor-6093 elementor-5\" data-elementor-post-type=\"page\">\n\t\t\t\t\t\t<section class=\"elementor-section elementor-top-section elementor-element elementor-element-fd2a7d0 elementor-section-boxed elementor-section-height-default elementor-section-height-default\" data-id=\"fd2a7d0\" data-element_type=\"section\">\n\t\t\t\t\t\t<div class=\"elementor-container elementor-column-gap-default\">\n\t\t\t\t\t<div class=\"elementor-column elementor-col-100 elementor-top-column elementor-element elementor-element-aff63d7\" data-id=\"aff63d7\" data-element_type=\"column\">\n\t\t\t<div class=\"elementor-widget-wrap elementor-element-populated\">\n\t\t\t\t\t\t<div class=\"elementor-element elementor-element-11db0fb elementor-widget elementor-widget-heading\" data-id=\"11db0fb\" data-element_type=\"widget\" data-widget_type=\"heading.default\">\n\t\t\t\t<div class=\"elementor-widget-container\">\n\t\t\t\t\t<h1 class=\"elementor-heading-title elementor-size-default\">KVKK-Klarstellungstext<\/h1>\t\t\t\t<\/div>\n\t\t\t\t<\/div>\n\t\t\t\t<div class=\"elementor-element elementor-element-a69a0d0 elementor-widget elementor-widget-text-editor\" data-id=\"a69a0d0\" data-element_type=\"widget\" data-widget_type=\"text-editor.default\">\n\t\t\t\t<div class=\"elementor-widget-container\">\n\t\t\t\t\t\t\t\t\t<h2><strong>Erl\u00e4uterungstext zu den im Kontaktformular verarbeiteten personenbezogenen Daten<\/strong><\/h2>\n<p>Dieser Klartext wird hiermit von <strong>PACK&amp;NET AMBALAJ SAN VE T\u0130C A.\u015e (&#8222;pack&amp;net&#8220;)<\/strong> gem\u00e4\u00df Artikel 10 des Gesetzes Nr. 6698 \u00fcber den Schutz personenbezogener Daten (&#8222;KVKK&#8220;). und das Kommuniqu\u00e9 \u00fcber die Verfahren und Grunds\u00e4tze bei der Erf\u00fcllung der Offenlegungspflicht, um Sie \u00fcber die Zwecke der Verarbeitung Ihrer personenbezogenen Daten, die rechtlichen Gr\u00fcnde, die Art und Weise der Erhebung, an wen sie weitergegeben werden k\u00f6nnen und Ihre Rechte im Rahmen der KVKK. zu informieren.<\/p>\n<p>Ihre pers\u00f6nlichen Daten wie Name und E-Mail-Adresse, die Sie uns \u00fcber das Kontaktformular auf unserer Website mitteilen, werden von den Gesch\u00e4ftsbereichen verarbeitet, um die notwendigen Arbeiten durchzuf\u00fchren, damit die betreffenden Personen die von unserem Unternehmen angebotenen Produkte und Dienstleistungen nutzen k\u00f6nnen, um die entsprechenden Gesch\u00e4ftsprozesse durchzuf\u00fchren und um Sie zu dem von Ihnen beantragten Thema zu kontaktieren. Au\u00dferdem haben wir keine absolute Kontrolle \u00fcber die Informationen, die Sie mit diesem Formular \u00fcbermitteln. Wir raten Ihnen, Ihre pers\u00f6nlichen Daten und sensible pers\u00f6nliche Daten, von denen Sie nicht m\u00f6chten, dass wir sie kennen, nicht an unser Unternehmen weiterzugeben.<\/p>\n<p>Die fraglichen personenbezogenen Daten unterliegen den Bestimmungen von Artikel 5 des KVKK. &#8222;Sofern die Grundrechte und Grundfreiheiten der betroffenen Person nicht beeintr\u00e4chtigt werden, ist die Datenverarbeitung f\u00fcr die berechtigten Interessen des f\u00fcr die Verarbeitung Verantwortlichen zwingend erforderlich&#8220; und &#8222;sie ist f\u00fcr den f\u00fcr die Verarbeitung Verantwortlichen zwingend erforderlich, um seinen rechtlichen Verpflichtungen nachzukommen&#8220; und wird nur an die zust\u00e4ndigen Justizbeh\u00f6rden bei Rechtsstreitigkeiten weitergegeben.<\/p>\n<p>Artikel 11 des Gesetzes zur Regelung der Rechte der betroffenen Person. Sie k\u00f6nnen Ihre Antr\u00e4ge im Rahmen des Artikels gem\u00e4\u00df dem &#8222;Kommuniqu\u00e9 \u00fcber die Verfahren und Grunds\u00e4tze der Anwendung auf den f\u00fcr die Verarbeitung Verantwortlichen&#8220; stellen, <strong>PACK&amp;NET AMBALAJ SAN VE T\u0130C A.\u015e (&#8222;pack&amp;net&#8220;)<\/strong> <strong>GEPOSB Atat\u00fcrk Bulvar\u0131 9.Cd 92.Sk 41400 Gebze \/ KOCAEL\u0130 <\/strong> oder senden Sie es schriftlich an <a href=\"mailto:info@packnet.com.tr\">info@packnet.com.tr<\/a> E-Mail Adresse.<\/p>\n\t\t\t\t\t\t\t\t<\/div>\n\t\t\t\t<\/div>\n\t\t\t\t\t<\/div>\n\t\t<\/div>\n\t\t\t\t\t<\/div>\n\t\t<\/section>\n\t\t\t\t<\/div>\n\t\t","protected":false},"excerpt":{"rendered":"<p>KVKK-Klarstellungstext Erl\u00e4uterungstext zu den im Kontaktformular verarbeiteten personenbezogenen Daten Dieser Klartext wird hiermit von PACK&amp;NET AMBALAJ SAN VE T\u0130C A.\u015e (&#8222;pack&amp;net&#8220;) gem\u00e4\u00df Artikel 10 des Gesetzes Nr. 6698 \u00fcber den Schutz personenbezogener Daten (&#8222;KVKK&#8220;). und das Kommuniqu\u00e9 \u00fcber die Verfahren und Grunds\u00e4tze bei der Erf\u00fcllung der Offenlegungspflicht, um Sie \u00fcber die Zwecke der Verarbeitung Ihrer [&hellip;]<\/p>\n","protected":false},"author":1,"featured_media":0,"parent":0,"menu_order":0,"comment_status":"closed","ping_status":"open","template":"","meta":{"footnotes":""},"class_list":["post-6093","page","type-page","status-publish","hentry"],"_links":{"self":[{"href":"https:\/\/packnet.com.tr\/de\/wp-json\/wp\/v2\/pages\/6093","targetHints":{"allow":["GET"]}}],"collection":[{"href":"https:\/\/packnet.com.tr\/de\/wp-json\/wp\/v2\/pages"}],"about":[{"href":"https:\/\/packnet.com.tr\/de\/wp-json\/wp\/v2\/types\/page"}],"author":[{"embeddable":true,"href":"https:\/\/packnet.com.tr\/de\/wp-json\/wp\/v2\/users\/1"}],"replies":[{"embeddable":true,"href":"https:\/\/packnet.com.tr\/de\/wp-json\/wp\/v2\/comments?post=6093"}],"version-history":[{"count":0,"href":"https:\/\/packnet.com.tr\/de\/wp-json\/wp\/v2\/pages\/6093\/revisions"}],"wp:attachment":[{"href":"https:\/\/packnet.com.tr\/de\/wp-json\/wp\/v2\/media?parent=6093"}],"curies":[{"name":"wp","href":"https:\/\/api.w.org\/{rel}","templated":true}]}}