{"id":6108,"date":"2023-09-10T22:23:55","date_gmt":"2023-09-10T19:23:55","guid":{"rendered":"https:\/\/packnet.com.tr\/cookie-richtlinie\/"},"modified":"2023-09-10T22:23:56","modified_gmt":"2023-09-10T19:23:56","slug":"cookie-richtlinie","status":"publish","type":"page","link":"https:\/\/packnet.com.tr\/de\/cookie-richtlinie\/","title":{"rendered":"Cookie-Richtlinie"},"content":{"rendered":"\t\t<div data-elementor-type=\"wp-page\" data-elementor-id=\"6108\" class=\"elementor elementor-6108 elementor-3489\" data-elementor-post-type=\"page\">\n\t\t\t\t\t\t<section class=\"elementor-section elementor-top-section elementor-element elementor-element-5c8cb44 elementor-section-boxed elementor-section-height-default elementor-section-height-default\" data-id=\"5c8cb44\" data-element_type=\"section\">\n\t\t\t\t\t\t<div class=\"elementor-container elementor-column-gap-default\">\n\t\t\t\t\t<div class=\"elementor-column elementor-col-100 elementor-top-column elementor-element elementor-element-8cf380c\" data-id=\"8cf380c\" data-element_type=\"column\">\n\t\t\t<div class=\"elementor-widget-wrap elementor-element-populated\">\n\t\t\t\t\t\t<div class=\"elementor-element elementor-element-02bc8e0 elementor-widget elementor-widget-heading\" data-id=\"02bc8e0\" data-element_type=\"widget\" data-widget_type=\"heading.default\">\n\t\t\t\t<div class=\"elementor-widget-container\">\n\t\t\t\t\t<h1 class=\"elementor-heading-title elementor-size-default\">Cookie-Richtlinie<\/h1>\t\t\t\t<\/div>\n\t\t\t\t<\/div>\n\t\t\t\t<div class=\"elementor-element elementor-element-302e8f6 elementor-widget elementor-widget-text-editor\" data-id=\"302e8f6\" data-element_type=\"widget\" data-widget_type=\"text-editor.default\">\n\t\t\t\t<div class=\"elementor-widget-container\">\n\t\t\t\t\t\t\t\t\t<p><strong>PACK&amp;NET AMBALAJ SAN VE T\u0130C A.\u015e (&#8222;pack&amp;net&#8220;)<\/strong>, verwenden wir Cookies, damit Sie unsere Websites m\u00f6glichst effizient nutzen und Ihre Nutzererfahrung verbessern k\u00f6nnen. Wenn Sie die Verwendung von Cookies nicht w\u00fcnschen, k\u00f6nnen Sie diese in den Einstellungen Ihres Browsers oder in der ausf\u00fchrlichen Beschreibung zum Entfernen von Cookies weiter unten l\u00f6schen oder blockieren. Wir m\u00f6chten Sie jedoch darauf hinweisen, dass sich dies auf Ihre Nutzung unserer Websites auswirken kann. Wir gehen davon aus, dass Sie die Verwendung von Cookies auf unseren Websites akzeptieren, es sei denn, Sie \u00e4ndern Ihre Cookie-Einstellungen in Ihrem Browser. Die Bestimmungen zu den gesammelten Daten finden Sie im <a href=\"https:\/\/packnet.com.tr\/de\/text-zur-klarstellung\/\" target=\"_blank\" rel=\"noopener\">Disclosure Text<\/a> auf unseren Websites.<\/p>\n<p>Unsere Cookies werden verwendet, um Ihnen bei der Nutzung unserer Websites ein personalisiertes Erlebnis zu bieten, unsere Dienste zu verbessern und Ihre Erfahrungen zu vertiefen. Es gibt drei Arten von Cookies: <\/p>\n<p><strong>Session-Cookies:<\/strong> Tempor\u00e4re Cookies, die beim Schlie\u00dfen des Browsers gel\u00f6scht werden, also nicht dauerhaft sind. Sie dienen unter anderem dazu, die Sicherheit und Kontinuit\u00e4t unserer Websites und Ihres Besuchs zu gew\u00e4hrleisten.<\/p>\n<p><strong>Permanente Cookies:<\/strong> Sie werden in Unterordnern Ihres Browsers aufbewahrt, bis Sie handeln oder bis das Zeitintervall im Cookie abl\u00e4uft. Diese Cookies helfen unserer Website, sich an Ihre Angaben und Entscheidungen zu erinnern, wenn Sie uns das n\u00e4chste Mal besuchen.<\/p>\n<p><strong>Erst- und Drittanbieter-Cookies:<\/strong> Erstanbieter-Cookies sind Cookies, die von unserer Website verwendet werden. Cookies von Drittanbietern sind Cookies, die nicht auf unserer Website, sondern auf Ihrem Computer installiert sind.<\/p>\n<p><strong>Pflichtige Cookies:<\/strong> budeart.com-Website ordnungsgem\u00e4\u00df zu funktionieren, sind diese anonyme Cookies gesetzt, um seine Funktionen richtig zu pr\u00e4sentieren.<\/p>\n<p><strong>Funktionale und analytische Cookies:<\/strong> Funktionale Cookies werden verwendet, um Ihre Pr\u00e4ferenzen zu speichern und Ihr Surferlebnis zu verbessern, und analytische Cookies werden verwendet, um zu sehen, welche unserer Seiten mehr Aufmerksamkeit auf sich ziehen, welche Ressourcen am h\u00e4ufigsten aufgerufen werden, und um den Verkehr auf unseren Websites zu sehen und Dienstleistungen in \u00dcbereinstimmung mit diesem Verkehr anzubieten. Auch diese Cookies sind anonym.<\/p>\n<p><strong>pack&amp;net<\/strong> verwendet obligatorische Cookies sowie funktionale und analytische Cookies auf seiner Website oder im mobilen Web.<\/p>\n<p>Es wird ein Google-Analytics-Cookie verwendet, mit Ausnahme der obligatorischen und der von unseren Websites verwendeten Cookies der ersten Partei;<\/p>\n<p><strong>Google Analytics:<\/strong> Ein Web-Analyse-Tool, das analysiert, wie Nutzer eine Website verwenden. Neben den anonymisierten Daten werden auch personenbezogene Daten, die sich auf Ihre Nutzung der Website beziehen (Name, Adresse, E-Mail-Adresse, IP-Adresse), von Ihrem Browser an Google \u00fcbermittelt und von Google verarbeitet.<\/p>\n<p>Der Nutzer kann dauerhafte Cookies entfernen und sowohl Sitzungscookies als auch dauerhafte Cookies ablehnen, indem er die Anweisungen in der Hilfedatei seines Internetbrowsers befolgt oder &#8222;www.allaboutcookies.org&#8220; oder &#8222;www.youronlinechoices.eu&#8220; besucht; Lehnt der Nutzer dauerhafte Cookies oder Sitzungscookies ab, kann er die Website oder das mobile Web weiterhin nutzen, hat aber m\u00f6glicherweise keinen oder nur eingeschr\u00e4nkten Zugriff auf die volle Funktionalit\u00e4t dieser Medien.<\/p>\n\t\t\t\t\t\t\t\t<\/div>\n\t\t\t\t<\/div>\n\t\t\t\t\t<\/div>\n\t\t<\/div>\n\t\t\t\t\t<\/div>\n\t\t<\/section>\n\t\t\t\t<\/div>\n\t\t","protected":false},"excerpt":{"rendered":"<p>Cookie-Richtlinie PACK&amp;NET AMBALAJ SAN VE T\u0130C A.\u015e (&#8222;pack&amp;net&#8220;), verwenden wir Cookies, damit Sie unsere Websites m\u00f6glichst effizient nutzen und Ihre Nutzererfahrung verbessern k\u00f6nnen. Wenn Sie die Verwendung von Cookies nicht w\u00fcnschen, k\u00f6nnen Sie diese in den Einstellungen Ihres Browsers oder in der ausf\u00fchrlichen Beschreibung zum Entfernen von Cookies weiter unten l\u00f6schen oder blockieren. Wir m\u00f6chten [&hellip;]<\/p>\n","protected":false},"author":1,"featured_media":0,"parent":0,"menu_order":0,"comment_status":"closed","ping_status":"closed","template":"","meta":{"footnotes":""},"class_list":["post-6108","page","type-page","status-publish","hentry"],"_links":{"self":[{"href":"https:\/\/packnet.com.tr\/de\/wp-json\/wp\/v2\/pages\/6108","targetHints":{"allow":["GET"]}}],"collection":[{"href":"https:\/\/packnet.com.tr\/de\/wp-json\/wp\/v2\/pages"}],"about":[{"href":"https:\/\/packnet.com.tr\/de\/wp-json\/wp\/v2\/types\/page"}],"author":[{"embeddable":true,"href":"https:\/\/packnet.com.tr\/de\/wp-json\/wp\/v2\/users\/1"}],"replies":[{"embeddable":true,"href":"https:\/\/packnet.com.tr\/de\/wp-json\/wp\/v2\/comments?post=6108"}],"version-history":[{"count":0,"href":"https:\/\/packnet.com.tr\/de\/wp-json\/wp\/v2\/pages\/6108\/revisions"}],"wp:attachment":[{"href":"https:\/\/packnet.com.tr\/de\/wp-json\/wp\/v2\/media?parent=6108"}],"curies":[{"name":"wp","href":"https:\/\/api.w.org\/{rel}","templated":true}]}}