{"id":6171,"date":"2023-09-27T11:04:00","date_gmt":"2023-09-27T08:04:00","guid":{"rendered":"https:\/\/packnet.com.tr\/news\/"},"modified":"2023-09-27T11:04:00","modified_gmt":"2023-09-27T08:04:00","slug":"news","status":"publish","type":"page","link":"https:\/\/packnet.com.tr\/en\/news\/","title":{"rendered":"News"},"content":{"rendered":"\t\t<div data-elementor-type=\"wp-page\" data-elementor-id=\"6171\" class=\"elementor elementor-6171 elementor-4143\" data-elementor-post-type=\"page\">\n\t\t\t\t<div class=\"elementor-element elementor-element-49a3fe8 e-flex e-con-boxed e-con e-parent\" data-id=\"49a3fe8\" data-element_type=\"container\">\n\t\t\t\t\t<div class=\"e-con-inner\">\n\t\t\t\t<div class=\"elementor-element elementor-element-13e5460 elementor-grid-3 elementor-grid-tablet-2 elementor-grid-mobile-1 elementor-posts--thumbnail-top elementor-card-shadow-yes elementor-posts__hover-gradient elementor-widget elementor-widget-posts\" data-id=\"13e5460\" data-element_type=\"widget\" data-settings=\"{&quot;cards_columns&quot;:&quot;3&quot;,&quot;cards_columns_tablet&quot;:&quot;2&quot;,&quot;cards_columns_mobile&quot;:&quot;1&quot;,&quot;cards_row_gap&quot;:{&quot;unit&quot;:&quot;px&quot;,&quot;size&quot;:35,&quot;sizes&quot;:[]},&quot;cards_row_gap_tablet&quot;:{&quot;unit&quot;:&quot;px&quot;,&quot;size&quot;:&quot;&quot;,&quot;sizes&quot;:[]},&quot;cards_row_gap_mobile&quot;:{&quot;unit&quot;:&quot;px&quot;,&quot;size&quot;:&quot;&quot;,&quot;sizes&quot;:[]}}\" data-widget_type=\"posts.cards\">\n\t\t\t\t<div class=\"elementor-widget-container\">\n\t\t\t\t\t\t\t<div class=\"elementor-posts-container elementor-posts elementor-posts--skin-cards elementor-grid\" role=\"list\">\n\t\t\t\t<article class=\"elementor-post elementor-grid-item post-5264 post type-post status-publish format-standard has-post-thumbnail hentry category-uncategorized\" role=\"listitem\">\n\t\t\t<div class=\"elementor-post__card\">\n\t\t\t\t<a class=\"elementor-post__thumbnail__link\" href=\"https:\/\/packnet.com.tr\/en\/methods-to-protect-saplings-from-cold-farmers-voice\/\" tabindex=\"-1\"><div class=\"elementor-post__thumbnail\"><img fetchpriority=\"high\" decoding=\"async\" width=\"1920\" height=\"500\" src=\"https:\/\/packnet.com.tr\/wp-content\/uploads\/2022\/04\/fidanlari-soguktan-koruma-yontemleri-01.jpg\" class=\"attachment-full size-full wp-image-3682\" alt=\"Fidanlar\u0131 So\u011fuktan Koruma Y\u00f6ntemleri\" srcset=\"https:\/\/packnet.com.tr\/wp-content\/uploads\/2022\/04\/fidanlari-soguktan-koruma-yontemleri-01.jpg 1920w, https:\/\/packnet.com.tr\/wp-content\/uploads\/2022\/04\/fidanlari-soguktan-koruma-yontemleri-01-300x78.jpg 300w, https:\/\/packnet.com.tr\/wp-content\/uploads\/2022\/04\/fidanlari-soguktan-koruma-yontemleri-01-1024x267.jpg 1024w, https:\/\/packnet.com.tr\/wp-content\/uploads\/2022\/04\/fidanlari-soguktan-koruma-yontemleri-01-768x200.jpg 768w, https:\/\/packnet.com.tr\/wp-content\/uploads\/2022\/04\/fidanlari-soguktan-koruma-yontemleri-01-1536x400.jpg 1536w\" sizes=\"(max-width: 1920px) 100vw, 1920px\" \/><\/div><\/a>\n\t\t\t\t<div class=\"elementor-post__text\">\n\t\t\t\t<h3 class=\"elementor-post__title\">\n\t\t\t<a href=\"https:\/\/packnet.com.tr\/en\/methods-to-protect-saplings-from-cold-farmers-voice\/\">\n\t\t\t\tMethods to Protect Saplings from Cold &#8211; FARMER&#8217;S VOICE\t\t\t<\/a>\n\t\t<\/h3>\n\t\t\t\t<div class=\"elementor-post__excerpt\">\n\t\t\t<p>Mert \u0130zgi, General Manager of pack&amp;net, a local packaging company, talks about the use of extruded plastic netting as a method of protecting saplings from<\/p>\n\t\t<\/div>\n\t\t\n\t\t<a class=\"elementor-post__read-more\" href=\"https:\/\/packnet.com.tr\/en\/methods-to-protect-saplings-from-cold-farmers-voice\/\" aria-label=\"Read more about Methods to Protect Saplings from Cold &#8211; FARMER&#8217;S VOICE\" tabindex=\"-1\">\n\t\t\tRead More \u00bb\t\t<\/a>\n\n\t\t\t\t<\/div>\n\t\t\t\t<div class=\"elementor-post__meta-data\">\n\t\t\t\t\t<span class=\"elementor-post-date\">\n\t\t\t21 July 2023\t\t<\/span>\n\t\t\t\t<\/div>\n\t\t\t\t\t<\/div>\n\t\t<\/article>\n\t\t\t\t<article class=\"elementor-post elementor-grid-item post-5262 post type-post status-publish format-standard has-post-thumbnail hentry category-uncategorized\" role=\"listitem\">\n\t\t\t<div class=\"elementor-post__card\">\n\t\t\t\t<a class=\"elementor-post__thumbnail__link\" href=\"https:\/\/packnet.com.tr\/en\/agriculture-and-farmer-friendly-sapling-protection-net-and-tubes\/\" tabindex=\"-1\"><div class=\"elementor-post__thumbnail\"><img decoding=\"async\" width=\"1920\" height=\"500\" src=\"https:\/\/packnet.com.tr\/wp-content\/uploads\/2021\/04\/packnet-fidan-koruma.jpg\" class=\"attachment-full size-full wp-image-3627\" alt=\"pack&amp;net Fidan Koruma\" srcset=\"https:\/\/packnet.com.tr\/wp-content\/uploads\/2021\/04\/packnet-fidan-koruma.jpg 1920w, https:\/\/packnet.com.tr\/wp-content\/uploads\/2021\/04\/packnet-fidan-koruma-300x78.jpg 300w, https:\/\/packnet.com.tr\/wp-content\/uploads\/2021\/04\/packnet-fidan-koruma-1024x267.jpg 1024w, https:\/\/packnet.com.tr\/wp-content\/uploads\/2021\/04\/packnet-fidan-koruma-768x200.jpg 768w, https:\/\/packnet.com.tr\/wp-content\/uploads\/2021\/04\/packnet-fidan-koruma-1536x400.jpg 1536w\" sizes=\"(max-width: 1920px) 100vw, 1920px\" \/><\/div><\/a>\n\t\t\t\t<div class=\"elementor-post__text\">\n\t\t\t\t<h3 class=\"elementor-post__title\">\n\t\t\t<a href=\"https:\/\/packnet.com.tr\/en\/agriculture-and-farmer-friendly-sapling-protection-net-and-tubes\/\">\n\t\t\t\tAgriculture and Farmer Friendly Sapling Protection Net and Tubes\t\t\t<\/a>\n\t\t<\/h3>\n\t\t\t\t<div class=\"elementor-post__excerpt\">\n\t\t\t<p>Sapling protection nets and tubes can be defined as a shield that protects saplings against negative external factors. The way to make effective use of<\/p>\n\t\t<\/div>\n\t\t\n\t\t<a class=\"elementor-post__read-more\" href=\"https:\/\/packnet.com.tr\/en\/agriculture-and-farmer-friendly-sapling-protection-net-and-tubes\/\" aria-label=\"Read more about Agriculture and Farmer Friendly Sapling Protection Net and Tubes\" tabindex=\"-1\">\n\t\t\tRead More \u00bb\t\t<\/a>\n\n\t\t\t\t<\/div>\n\t\t\t\t<div class=\"elementor-post__meta-data\">\n\t\t\t\t\t<span class=\"elementor-post-date\">\n\t\t\t21 July 2023\t\t<\/span>\n\t\t\t\t<\/div>\n\t\t\t\t\t<\/div>\n\t\t<\/article>\n\t\t\t\t<article class=\"elementor-post elementor-grid-item post-5246 post type-post status-publish format-standard has-post-thumbnail hentry category-uncategorized\" role=\"listitem\">\n\t\t\t<div class=\"elementor-post__card\">\n\t\t\t\t<a class=\"elementor-post__thumbnail__link\" href=\"https:\/\/packnet.com.tr\/en\/we-took-our-place-at-berlin-fruit-logistica-fair\/\" tabindex=\"-1\"><div class=\"elementor-post__thumbnail\"><img decoding=\"async\" width=\"1920\" height=\"600\" src=\"https:\/\/packnet.com.tr\/wp-content\/uploads\/2022\/09\/berlin-fruit-logistica.jpg\" class=\"attachment-full size-full wp-image-4196\" alt=\"Berlin Fruit Logistica\" srcset=\"https:\/\/packnet.com.tr\/wp-content\/uploads\/2022\/09\/berlin-fruit-logistica.jpg 1920w, https:\/\/packnet.com.tr\/wp-content\/uploads\/2022\/09\/berlin-fruit-logistica-300x94.jpg 300w, https:\/\/packnet.com.tr\/wp-content\/uploads\/2022\/09\/berlin-fruit-logistica-1024x320.jpg 1024w, https:\/\/packnet.com.tr\/wp-content\/uploads\/2022\/09\/berlin-fruit-logistica-768x240.jpg 768w, https:\/\/packnet.com.tr\/wp-content\/uploads\/2022\/09\/berlin-fruit-logistica-1536x480.jpg 1536w\" sizes=\"(max-width: 1920px) 100vw, 1920px\" \/><\/div><\/a>\n\t\t\t\t<div class=\"elementor-post__text\">\n\t\t\t\t<h3 class=\"elementor-post__title\">\n\t\t\t<a href=\"https:\/\/packnet.com.tr\/en\/we-took-our-place-at-berlin-fruit-logistica-fair\/\">\n\t\t\t\tWe took our place at Berlin Fruit Logistica Fair\t\t\t<\/a>\n\t\t<\/h3>\n\t\t\t\t<div class=\"elementor-post__excerpt\">\n\t\t\t<p>Exhibitors and visitors from 86 countries attend FRUIT LOGISTICA every year to learn about innovations in the international fresh fruit and vegetable trade and to<\/p>\n\t\t<\/div>\n\t\t\n\t\t<a class=\"elementor-post__read-more\" href=\"https:\/\/packnet.com.tr\/en\/we-took-our-place-at-berlin-fruit-logistica-fair\/\" aria-label=\"Read more about We took our place at Berlin Fruit Logistica Fair\" tabindex=\"-1\">\n\t\t\tRead More \u00bb\t\t<\/a>\n\n\t\t\t\t<\/div>\n\t\t\t\t<div class=\"elementor-post__meta-data\">\n\t\t\t\t\t<span class=\"elementor-post-date\">\n\t\t\t20 July 2023\t\t<\/span>\n\t\t\t\t<\/div>\n\t\t\t\t\t<\/div>\n\t\t<\/article>\n\t\t\t\t<article class=\"elementor-post elementor-grid-item post-5244 post type-post status-publish format-standard has-post-thumbnail hentry category-uncategorized\" role=\"listitem\">\n\t\t\t<div class=\"elementor-post__card\">\n\t\t\t\t<a class=\"elementor-post__thumbnail__link\" href=\"https:\/\/packnet.com.tr\/en\/apple-net\/\" tabindex=\"-1\"><div class=\"elementor-post__thumbnail\"><img loading=\"lazy\" decoding=\"async\" width=\"1290\" height=\"500\" src=\"https:\/\/packnet.com.tr\/wp-content\/uploads\/2022\/08\/elma-filesi.jpg\" class=\"attachment-full size-full wp-image-4364\" alt=\"elma filesi\" srcset=\"https:\/\/packnet.com.tr\/wp-content\/uploads\/2022\/08\/elma-filesi.jpg 1290w, https:\/\/packnet.com.tr\/wp-content\/uploads\/2022\/08\/elma-filesi-300x116.jpg 300w, https:\/\/packnet.com.tr\/wp-content\/uploads\/2022\/08\/elma-filesi-1024x397.jpg 1024w, https:\/\/packnet.com.tr\/wp-content\/uploads\/2022\/08\/elma-filesi-768x298.jpg 768w\" sizes=\"(max-width: 1290px) 100vw, 1290px\" \/><\/div><\/a>\n\t\t\t\t<div class=\"elementor-post__text\">\n\t\t\t\t<h3 class=\"elementor-post__title\">\n\t\t\t<a href=\"https:\/\/packnet.com.tr\/en\/apple-net\/\">\n\t\t\t\tApple Net\t\t\t<\/a>\n\t\t<\/h3>\n\t\t\t\t<div class=\"elementor-post__excerpt\">\n\t\t\t<p>Packaging Systems in Manufacturing Industry For manufacturers and distributors, the safe storage of products after manufacturing and preservation in the supply process is as important<\/p>\n\t\t<\/div>\n\t\t\n\t\t<a class=\"elementor-post__read-more\" href=\"https:\/\/packnet.com.tr\/en\/apple-net\/\" aria-label=\"Read more about Apple Net\" tabindex=\"-1\">\n\t\t\tRead More \u00bb\t\t<\/a>\n\n\t\t\t\t<\/div>\n\t\t\t\t<div class=\"elementor-post__meta-data\">\n\t\t\t\t\t<span class=\"elementor-post-date\">\n\t\t\t20 July 2023\t\t<\/span>\n\t\t\t\t<\/div>\n\t\t\t\t\t<\/div>\n\t\t<\/article>\n\t\t\t\t<article class=\"elementor-post elementor-grid-item post-5236 post type-post status-publish format-standard has-post-thumbnail hentry category-uncategorized\" role=\"listitem\">\n\t\t\t<div class=\"elementor-post__card\">\n\t\t\t\t<a class=\"elementor-post__thumbnail__link\" href=\"https:\/\/packnet.com.tr\/en\/construction-security-net\/\" tabindex=\"-1\"><div class=\"elementor-post__thumbnail\"><img loading=\"lazy\" decoding=\"async\" width=\"1920\" height=\"600\" src=\"https:\/\/packnet.com.tr\/wp-content\/uploads\/2022\/08\/insaat-guvenlik-filesi.jpg\" class=\"attachment-full size-full wp-image-4174\" alt=\"\u0130n\u015faat G\u00fcvenlik Filesi\" srcset=\"https:\/\/packnet.com.tr\/wp-content\/uploads\/2022\/08\/insaat-guvenlik-filesi.jpg 1920w, https:\/\/packnet.com.tr\/wp-content\/uploads\/2022\/08\/insaat-guvenlik-filesi-300x94.jpg 300w, https:\/\/packnet.com.tr\/wp-content\/uploads\/2022\/08\/insaat-guvenlik-filesi-1024x320.jpg 1024w, https:\/\/packnet.com.tr\/wp-content\/uploads\/2022\/08\/insaat-guvenlik-filesi-768x240.jpg 768w, https:\/\/packnet.com.tr\/wp-content\/uploads\/2022\/08\/insaat-guvenlik-filesi-1536x480.jpg 1536w\" sizes=\"(max-width: 1920px) 100vw, 1920px\" \/><\/div><\/a>\n\t\t\t\t<div class=\"elementor-post__text\">\n\t\t\t\t<h3 class=\"elementor-post__title\">\n\t\t\t<a href=\"https:\/\/packnet.com.tr\/en\/construction-security-net\/\">\n\t\t\t\tConstruction Security Net\t\t\t<\/a>\n\t\t<\/h3>\n\t\t\t\t<div class=\"elementor-post__excerpt\">\n\t\t\t<p>The Construction Safety Net or Construction Safety Mesh is a safety system taken against the falling of people, objects, or various items in various locations.<\/p>\n\t\t<\/div>\n\t\t\n\t\t<a class=\"elementor-post__read-more\" href=\"https:\/\/packnet.com.tr\/en\/construction-security-net\/\" aria-label=\"Read more about Construction Security Net\" tabindex=\"-1\">\n\t\t\tRead More \u00bb\t\t<\/a>\n\n\t\t\t\t<\/div>\n\t\t\t\t<div class=\"elementor-post__meta-data\">\n\t\t\t\t\t<span class=\"elementor-post-date\">\n\t\t\t20 July 2023\t\t<\/span>\n\t\t\t\t<\/div>\n\t\t\t\t\t<\/div>\n\t\t<\/article>\n\t\t\t\t<article class=\"elementor-post elementor-grid-item post-5234 post type-post status-publish format-standard has-post-thumbnail hentry category-uncategorized\" role=\"listitem\">\n\t\t\t<div class=\"elementor-post__card\">\n\t\t\t\t<a class=\"elementor-post__thumbnail__link\" href=\"https:\/\/packnet.com.tr\/en\/dry-food-transportation-2\/\" tabindex=\"-1\"><div class=\"elementor-post__thumbnail\"><img loading=\"lazy\" decoding=\"async\" width=\"1920\" height=\"600\" src=\"https:\/\/packnet.com.tr\/wp-content\/uploads\/2022\/10\/kuru-gida-tasimaciligi.jpg\" class=\"attachment-full size-full wp-image-4354\" alt=\"Kuru G\u0131da Ta\u015f\u0131mac\u0131l\u0131\u011f\u0131 \/ Dry Food Transportation\" srcset=\"https:\/\/packnet.com.tr\/wp-content\/uploads\/2022\/10\/kuru-gida-tasimaciligi.jpg 1920w, https:\/\/packnet.com.tr\/wp-content\/uploads\/2022\/10\/kuru-gida-tasimaciligi-300x94.jpg 300w, https:\/\/packnet.com.tr\/wp-content\/uploads\/2022\/10\/kuru-gida-tasimaciligi-1024x320.jpg 1024w, https:\/\/packnet.com.tr\/wp-content\/uploads\/2022\/10\/kuru-gida-tasimaciligi-768x240.jpg 768w, https:\/\/packnet.com.tr\/wp-content\/uploads\/2022\/10\/kuru-gida-tasimaciligi-1536x480.jpg 1536w\" sizes=\"(max-width: 1920px) 100vw, 1920px\" \/><\/div><\/a>\n\t\t\t\t<div class=\"elementor-post__text\">\n\t\t\t\t<h3 class=\"elementor-post__title\">\n\t\t\t<a href=\"https:\/\/packnet.com.tr\/en\/dry-food-transportation-2\/\">\n\t\t\t\tDry Food Transportation\t\t\t<\/a>\n\t\t<\/h3>\n\t\t\t\t<div class=\"elementor-post__excerpt\">\n\t\t\t<p>How Should Dry Food Transportation Be Done? With the increase in e-commerce and the expansion of customer reach, the transportation of dry food has gained<\/p>\n\t\t<\/div>\n\t\t\n\t\t<a class=\"elementor-post__read-more\" href=\"https:\/\/packnet.com.tr\/en\/dry-food-transportation-2\/\" aria-label=\"Read more about Dry Food Transportation\" tabindex=\"-1\">\n\t\t\tRead More \u00bb\t\t<\/a>\n\n\t\t\t\t<\/div>\n\t\t\t\t<div class=\"elementor-post__meta-data\">\n\t\t\t\t\t<span class=\"elementor-post-date\">\n\t\t\t19 July 2023\t\t<\/span>\n\t\t\t\t<\/div>\n\t\t\t\t\t<\/div>\n\t\t<\/article>\n\t\t\t\t<article class=\"elementor-post elementor-grid-item post-5212 post type-post status-publish format-standard has-post-thumbnail hentry category-uncategorized\" role=\"listitem\">\n\t\t\t<div class=\"elementor-post__card\">\n\t\t\t\t<a class=\"elementor-post__thumbnail__link\" href=\"https:\/\/packnet.com.tr\/en\/the-irresistible-street-delicacy-mussels-and-the-use-of-mussel-nets-in-the-supply-process\/\" tabindex=\"-1\"><div class=\"elementor-post__thumbnail\"><img loading=\"lazy\" decoding=\"async\" width=\"1920\" height=\"600\" src=\"https:\/\/packnet.com.tr\/wp-content\/uploads\/2022\/09\/midye-ve-midyefilesi.jpg\" class=\"attachment-full size-full wp-image-4231\" alt=\"Vazge\u00e7ilmez Sokak Lezzeti Midye ve Tedarik S\u00fcrecinde Midye Filesi Kullan\u0131m\u0131\" srcset=\"https:\/\/packnet.com.tr\/wp-content\/uploads\/2022\/09\/midye-ve-midyefilesi.jpg 1920w, https:\/\/packnet.com.tr\/wp-content\/uploads\/2022\/09\/midye-ve-midyefilesi-300x94.jpg 300w, https:\/\/packnet.com.tr\/wp-content\/uploads\/2022\/09\/midye-ve-midyefilesi-1024x320.jpg 1024w, https:\/\/packnet.com.tr\/wp-content\/uploads\/2022\/09\/midye-ve-midyefilesi-768x240.jpg 768w, https:\/\/packnet.com.tr\/wp-content\/uploads\/2022\/09\/midye-ve-midyefilesi-1536x480.jpg 1536w\" sizes=\"(max-width: 1920px) 100vw, 1920px\" \/><\/div><\/a>\n\t\t\t\t<div class=\"elementor-post__text\">\n\t\t\t\t<h3 class=\"elementor-post__title\">\n\t\t\t<a href=\"https:\/\/packnet.com.tr\/en\/the-irresistible-street-delicacy-mussels-and-the-use-of-mussel-nets-in-the-supply-process\/\">\n\t\t\t\tThe Irresistible Street Delicacy: Mussels and the Use of Mussel Nets in the Supply Process.\t\t\t<\/a>\n\t\t<\/h3>\n\t\t\t\t<div class=\"elementor-post__excerpt\">\n\t\t\t<p>The Importance of Mussel Cultivation in Our Country and Conservation Methods. Street food culture has significantly developed in recent times. In particular, mussel consumption and<\/p>\n\t\t<\/div>\n\t\t\n\t\t<a class=\"elementor-post__read-more\" href=\"https:\/\/packnet.com.tr\/en\/the-irresistible-street-delicacy-mussels-and-the-use-of-mussel-nets-in-the-supply-process\/\" aria-label=\"Read more about The Irresistible Street Delicacy: Mussels and the Use of Mussel Nets in the Supply Process.\" tabindex=\"-1\">\n\t\t\tRead More \u00bb\t\t<\/a>\n\n\t\t\t\t<\/div>\n\t\t\t\t<div class=\"elementor-post__meta-data\">\n\t\t\t\t\t<span class=\"elementor-post-date\">\n\t\t\t19 July 2023\t\t<\/span>\n\t\t\t\t<\/div>\n\t\t\t\t\t<\/div>\n\t\t<\/article>\n\t\t\t\t<article class=\"elementor-post elementor-grid-item post-4491 post type-post status-publish format-standard has-post-thumbnail hentry category-blog-en\" role=\"listitem\">\n\t\t\t<div class=\"elementor-post__card\">\n\t\t\t\t<a class=\"elementor-post__thumbnail__link\" href=\"https:\/\/packnet.com.tr\/en\/dry-food-transportation\/\" tabindex=\"-1\"><div class=\"elementor-post__thumbnail\"><img loading=\"lazy\" decoding=\"async\" width=\"1920\" height=\"600\" src=\"https:\/\/packnet.com.tr\/wp-content\/uploads\/2022\/10\/kuru-gida-tasimaciligi.jpg\" class=\"attachment-full size-full wp-image-4354\" alt=\"Kuru G\u0131da Ta\u015f\u0131mac\u0131l\u0131\u011f\u0131 \/ Dry Food Transportation\" srcset=\"https:\/\/packnet.com.tr\/wp-content\/uploads\/2022\/10\/kuru-gida-tasimaciligi.jpg 1920w, https:\/\/packnet.com.tr\/wp-content\/uploads\/2022\/10\/kuru-gida-tasimaciligi-300x94.jpg 300w, https:\/\/packnet.com.tr\/wp-content\/uploads\/2022\/10\/kuru-gida-tasimaciligi-1024x320.jpg 1024w, https:\/\/packnet.com.tr\/wp-content\/uploads\/2022\/10\/kuru-gida-tasimaciligi-768x240.jpg 768w, https:\/\/packnet.com.tr\/wp-content\/uploads\/2022\/10\/kuru-gida-tasimaciligi-1536x480.jpg 1536w\" sizes=\"(max-width: 1920px) 100vw, 1920px\" \/><\/div><\/a>\n\t\t\t\t<div class=\"elementor-post__text\">\n\t\t\t\t<h3 class=\"elementor-post__title\">\n\t\t\t<a href=\"https:\/\/packnet.com.tr\/en\/dry-food-transportation\/\">\n\t\t\t\tDry Food Transportation\t\t\t<\/a>\n\t\t<\/h3>\n\t\t\t\t<div class=\"elementor-post__excerpt\">\n\t\t\t<p>Dry Food Transportation In this content, we will give details about dry food transportation, which is very important for today&#8217;s world. We will also talk<\/p>\n\t\t<\/div>\n\t\t\n\t\t<a class=\"elementor-post__read-more\" href=\"https:\/\/packnet.com.tr\/en\/dry-food-transportation\/\" aria-label=\"Read more about Dry Food Transportation\" tabindex=\"-1\">\n\t\t\tRead More \u00bb\t\t<\/a>\n\n\t\t\t\t<\/div>\n\t\t\t\t<div class=\"elementor-post__meta-data\">\n\t\t\t\t\t<span class=\"elementor-post-date\">\n\t\t\t14 November 2022\t\t<\/span>\n\t\t\t\t<\/div>\n\t\t\t\t\t<\/div>\n\t\t<\/article>\n\t\t\t\t<article class=\"elementor-post elementor-grid-item post-4102 post type-post status-publish format-standard has-post-thumbnail hentry category-blog-en\" role=\"listitem\">\n\t\t\t<div class=\"elementor-post__card\">\n\t\t\t\t<a class=\"elementor-post__thumbnail__link\" href=\"https:\/\/packnet.com.tr\/en\/packaging-nets\/\" tabindex=\"-1\"><div class=\"elementor-post__thumbnail\"><img loading=\"lazy\" decoding=\"async\" width=\"1920\" height=\"500\" src=\"https:\/\/packnet.com.tr\/wp-content\/uploads\/2022\/07\/packnet-packaging-nets.jpg\" class=\"attachment-full size-full wp-image-4103\" alt=\"packaging nets\" srcset=\"https:\/\/packnet.com.tr\/wp-content\/uploads\/2022\/07\/packnet-packaging-nets.jpg 1920w, https:\/\/packnet.com.tr\/wp-content\/uploads\/2022\/07\/packnet-packaging-nets-300x78.jpg 300w, https:\/\/packnet.com.tr\/wp-content\/uploads\/2022\/07\/packnet-packaging-nets-1024x267.jpg 1024w, https:\/\/packnet.com.tr\/wp-content\/uploads\/2022\/07\/packnet-packaging-nets-768x200.jpg 768w, https:\/\/packnet.com.tr\/wp-content\/uploads\/2022\/07\/packnet-packaging-nets-1536x400.jpg 1536w\" sizes=\"(max-width: 1920px) 100vw, 1920px\" \/><\/div><\/a>\n\t\t\t\t<div class=\"elementor-post__text\">\n\t\t\t\t<h3 class=\"elementor-post__title\">\n\t\t\t<a href=\"https:\/\/packnet.com.tr\/en\/packaging-nets\/\">\n\t\t\t\tPackaging Nets\t\t\t<\/a>\n\t\t<\/h3>\n\t\t\t\t<div class=\"elementor-post__excerpt\">\n\t\t\t<p>What is Packaging At its most basic, product packaging protects the goods within. Packaging must protect the goods throughout transit between the manufacturing site and<\/p>\n\t\t<\/div>\n\t\t\n\t\t<a class=\"elementor-post__read-more\" href=\"https:\/\/packnet.com.tr\/en\/packaging-nets\/\" aria-label=\"Read more about Packaging Nets\" tabindex=\"-1\">\n\t\t\tRead More \u00bb\t\t<\/a>\n\n\t\t\t\t<\/div>\n\t\t\t\t<div class=\"elementor-post__meta-data\">\n\t\t\t\t\t<span class=\"elementor-post-date\">\n\t\t\t15 July 2022\t\t<\/span>\n\t\t\t\t<\/div>\n\t\t\t\t\t<\/div>\n\t\t<\/article>\n\t\t\t\t<\/div>\n\t\t\n\t\t\t\t\t\t<\/div>\n\t\t\t\t<\/div>\n\t\t\t\t\t<\/div>\n\t\t\t\t<\/div>\n\t\t\t\t<\/div>\n\t\t","protected":false},"excerpt":{"rendered":"","protected":false},"author":1,"featured_media":0,"parent":0,"menu_order":0,"comment_status":"closed","ping_status":"closed","template":"","meta":{"footnotes":""},"class_list":["post-6171","page","type-page","status-publish","hentry"],"_links":{"self":[{"href":"https:\/\/packnet.com.tr\/en\/wp-json\/wp\/v2\/pages\/6171","targetHints":{"allow":["GET"]}}],"collection":[{"href":"https:\/\/packnet.com.tr\/en\/wp-json\/wp\/v2\/pages"}],"about":[{"href":"https:\/\/packnet.com.tr\/en\/wp-json\/wp\/v2\/types\/page"}],"author":[{"embeddable":true,"href":"https:\/\/packnet.com.tr\/en\/wp-json\/wp\/v2\/users\/1"}],"replies":[{"embeddable":true,"href":"https:\/\/packnet.com.tr\/en\/wp-json\/wp\/v2\/comments?post=6171"}],"version-history":[{"count":0,"href":"https:\/\/packnet.com.tr\/en\/wp-json\/wp\/v2\/pages\/6171\/revisions"}],"wp:attachment":[{"href":"https:\/\/packnet.com.tr\/en\/wp-json\/wp\/v2\/media?parent=6171"}],"curies":[{"name":"wp","href":"https:\/\/api.w.org\/{rel}","templated":true}]}}