{"id":5201,"date":"2023-07-17T17:11:27","date_gmt":"2023-07-17T14:11:27","guid":{"rendered":"https:\/\/packnet.com.tr\/sobre-packnet\/"},"modified":"2023-08-31T17:40:47","modified_gmt":"2023-08-31T14:40:47","slug":"sobre-packnet","status":"publish","type":"page","link":"https:\/\/packnet.com.tr\/es\/sobre-packnet\/","title":{"rendered":"Qui\u00e9nes Somos Pack&amp;net"},"content":{"rendered":"\t\t<div data-elementor-type=\"wp-page\" data-elementor-id=\"5201\" class=\"elementor elementor-5201 elementor-409\" data-elementor-post-type=\"page\">\n\t\t\t\t\t\t<section class=\"elementor-section elementor-top-section elementor-element elementor-element-71afef75 elementor-section-full_width elementor-section-height-default elementor-section-height-default\" data-id=\"71afef75\" data-element_type=\"section\">\n\t\t\t\t\t\t<div class=\"elementor-container elementor-column-gap-no\">\n\t\t\t\t\t<div class=\"elementor-column elementor-col-100 elementor-top-column elementor-element elementor-element-3c22b466\" data-id=\"3c22b466\" data-element_type=\"column\">\n\t\t\t<div class=\"elementor-widget-wrap elementor-element-populated\">\n\t\t\t\t\t\t<div class=\"elementor-element elementor-element-68e8ae48 elementor--h-position-center elementor--v-position-middle elementor-arrows-position-inside elementor-widget elementor-widget-slides\" data-id=\"68e8ae48\" data-element_type=\"widget\" data-settings=\"{&quot;navigation&quot;:&quot;arrows&quot;,&quot;autoplay&quot;:&quot;yes&quot;,&quot;pause_on_hover&quot;:&quot;yes&quot;,&quot;pause_on_interaction&quot;:&quot;yes&quot;,&quot;autoplay_speed&quot;:5000,&quot;infinite&quot;:&quot;yes&quot;,&quot;transition&quot;:&quot;slide&quot;,&quot;transition_speed&quot;:500}\" data-widget_type=\"slides.default\">\n\t\t\t\t<div class=\"elementor-widget-container\">\n\t\t\t\t\t\t\t\t\t<div class=\"elementor-swiper\">\n\t\t\t\t\t<div class=\"elementor-slides-wrapper elementor-main-swiper swiper\" role=\"region\" aria-roledescription=\"carousel\" aria-label=\"Diapositivas\" dir=\"ltr\" data-animation=\"fadeInUp\">\n\t\t\t\t<div class=\"swiper-wrapper elementor-slides\">\n\t\t\t\t\t\t\t\t\t\t<div class=\"elementor-repeater-item-076562f swiper-slide\" role=\"group\" aria-roledescription=\"slide\"><div class=\"swiper-slide-bg\" role=\"img\" aria-label=\"\u0130n\u015faat ve Alt Yap\u0131 Fileleri\"><\/div><div class=\"elementor-background-overlay\"><\/div><div class=\"swiper-slide-inner\" ><div class=\"swiper-slide-contents\"><\/div><\/div><\/div>\t\t\t\t<\/div>\n\t\t\t\t\t\t\t<\/div>\n\t\t\t\t<\/div>\n\t\t\t\t\t\t\t\t<\/div>\n\t\t\t\t<\/div>\n\t\t\t\t\t<\/div>\n\t\t<\/div>\n\t\t\t\t\t<\/div>\n\t\t<\/section>\n\t\t\t\t<section class=\"elementor-section elementor-top-section elementor-element elementor-element-645ca17 elementor-section-boxed elementor-section-height-default elementor-section-height-default\" data-id=\"645ca17\" data-element_type=\"section\">\n\t\t\t\t\t\t<div class=\"elementor-container elementor-column-gap-default\">\n\t\t\t\t\t<div class=\"elementor-column elementor-col-100 elementor-top-column elementor-element elementor-element-17760cb\" data-id=\"17760cb\" data-element_type=\"column\">\n\t\t\t<div class=\"elementor-widget-wrap elementor-element-populated\">\n\t\t\t\t\t\t<div class=\"elementor-element elementor-element-d2d24f4 elementor-headline--style-highlight elementor-widget elementor-widget-animated-headline\" data-id=\"d2d24f4\" data-element_type=\"widget\" data-settings=\"{&quot;marker&quot;:&quot;underline&quot;,&quot;highlighted_text&quot;:&quot;Qui\\u00e9nes Somos&quot;,&quot;headline_style&quot;:&quot;highlight&quot;,&quot;highlight_animation_duration&quot;:1200}\" data-widget_type=\"animated-headline.default\">\n\t\t\t\t<div class=\"elementor-widget-container\">\n\t\t\t\t\t\t\t<h1 class=\"elementor-headline\">\n\t\t\t\t\t<span class=\"elementor-headline-plain-text elementor-headline-text-wrapper\">pack&amp;net<\/span>\n\t\t\t\t<span class=\"elementor-headline-dynamic-wrapper elementor-headline-text-wrapper\">\n\t\t\t\t\t<span class=\"elementor-headline-dynamic-text elementor-headline-text-active\">Qui\u00e9nes Somos<\/span>\n\t\t\t\t<\/span>\n\t\t\t\t<\/h1>\n\t\t\t\t\t\t<\/div>\n\t\t\t\t<\/div>\n\t\t\t\t<div class=\"elementor-element elementor-element-49d8873 elementor-widget elementor-widget-text-editor\" data-id=\"49d8873\" data-element_type=\"widget\" data-widget_type=\"text-editor.default\">\n\t\t\t\t<div class=\"elementor-widget-container\">\n\t\t\t\t\t\t\t\t\t<p><strong>pack&amp;net<\/strong>&nbsp; Ambalaj Sanayi ve Ticaret A.\u015e. Desde junio de 2003, nos dedicamos a la producci\u00f3n de &nbsp; <b>Red de Pl\u00e1stico Extruida<\/b> &nbsp;, que se utiliza ampliamente en todo el mundo como material de embalaje, protecci\u00f3n y promoci\u00f3n.<\/p>\n<p><strong>Red extruida<\/strong>&nbsp; Especialmente, se prefiere en el embalaje de vegetales, frutas y productos alimenticios, as\u00ed como en las actividades promocionales; en el embalaje y las campa\u00f1as de marketing de productos de consumo r\u00e1pido; y en varios materiales industriales livianos y pesados, se utiliza para el embalaje, protecci\u00f3n, empaquetado, paletizaci\u00f3n, env\u00edo y como material de construcci\u00f3n interna.<\/p>\n<p>En la <strong>agricultura<\/strong>, silvicultura, huertos de frutas y vi\u00f1edos, paisajismo y aplicaciones de jardiner\u00eda, red extruida se utiliza como una aplicaci\u00f3n moderna. Tambi\u00e9n se utiliza como red extruida, tubo y valla de jard\u00edn.<\/p>\t\t\t\t\t\t\t\t<\/div>\n\t\t\t\t<\/div>\n\t\t\t\t\t<\/div>\n\t\t<\/div>\n\t\t\t\t\t<\/div>\n\t\t<\/section>\n\t\t\t\t<section class=\"elementor-section elementor-top-section elementor-element elementor-element-5e1e550 elementor-section-boxed elementor-section-height-default elementor-section-height-default\" data-id=\"5e1e550\" data-element_type=\"section\">\n\t\t\t\t\t\t<div class=\"elementor-container elementor-column-gap-default\">\n\t\t\t\t\t<div class=\"elementor-column elementor-col-100 elementor-top-column elementor-element elementor-element-ef2efbf\" data-id=\"ef2efbf\" data-element_type=\"column\">\n\t\t\t<div class=\"elementor-widget-wrap elementor-element-populated\">\n\t\t\t\t\t\t<div class=\"elementor-element elementor-element-f933b69 elementor-arrows-position-inside elementor-widget elementor-widget-image-carousel\" data-id=\"f933b69\" data-element_type=\"widget\" data-settings=\"{&quot;slides_to_show&quot;:&quot;1&quot;,&quot;navigation&quot;:&quot;arrows&quot;,&quot;autoplay&quot;:&quot;yes&quot;,&quot;pause_on_hover&quot;:&quot;yes&quot;,&quot;pause_on_interaction&quot;:&quot;yes&quot;,&quot;autoplay_speed&quot;:5000,&quot;infinite&quot;:&quot;yes&quot;,&quot;effect&quot;:&quot;slide&quot;,&quot;speed&quot;:500}\" data-widget_type=\"image-carousel.default\">\n\t\t\t\t<div class=\"elementor-widget-container\">\n\t\t\t\t\t\t\t<div class=\"elementor-image-carousel-wrapper swiper\" role=\"region\" aria-roledescription=\"carousel\" aria-label=\"Carrusel de im\u00e1genes\" dir=\"ltr\">\n\t\t\t<div class=\"elementor-image-carousel swiper-wrapper\" aria-live=\"off\">\n\t\t\t\t\t\t\t\t<div class=\"swiper-slide\" role=\"group\" aria-roledescription=\"slide\" aria-label=\"1 de 5\"><figure class=\"swiper-slide-inner\"><img decoding=\"async\" class=\"swiper-slide-image\" src=\"https:\/\/packnet.com.tr\/wp-content\/uploads\/2021\/04\/packnet-hakkinda-02.jpg\" alt=\"packnet-hakkinda-02\" \/><\/figure><\/div><div class=\"swiper-slide\" role=\"group\" aria-roledescription=\"slide\" aria-label=\"2 de 5\"><figure class=\"swiper-slide-inner\"><img decoding=\"async\" class=\"swiper-slide-image\" src=\"https:\/\/packnet.com.tr\/wp-content\/uploads\/2021\/04\/packnet-hakkinda-03.jpg\" alt=\"packnet-hakkinda-03\" \/><\/figure><\/div><div class=\"swiper-slide\" role=\"group\" aria-roledescription=\"slide\" aria-label=\"3 de 5\"><figure class=\"swiper-slide-inner\"><img decoding=\"async\" class=\"swiper-slide-image\" src=\"https:\/\/packnet.com.tr\/wp-content\/uploads\/2021\/04\/packnet-hakkinda-04.jpg\" alt=\"packnet-hakkinda-04\" \/><\/figure><\/div><div class=\"swiper-slide\" role=\"group\" aria-roledescription=\"slide\" aria-label=\"4 de 5\"><figure class=\"swiper-slide-inner\"><img decoding=\"async\" class=\"swiper-slide-image\" src=\"https:\/\/packnet.com.tr\/wp-content\/uploads\/2021\/04\/packnet-hakkinda-05.jpg\" alt=\"packnet-hakkinda-05\" \/><\/figure><\/div><div class=\"swiper-slide\" role=\"group\" aria-roledescription=\"slide\" aria-label=\"5 de 5\"><figure class=\"swiper-slide-inner\"><img decoding=\"async\" class=\"swiper-slide-image\" src=\"https:\/\/packnet.com.tr\/wp-content\/uploads\/2021\/04\/packnet-hakkinda-06.jpg\" alt=\"packnet-hakkinda-06\" \/><\/figure><\/div>\t\t\t<\/div>\n\t\t\t\t\t\t\t\t\t\t\t\t<div class=\"elementor-swiper-button elementor-swiper-button-prev\" role=\"button\" tabindex=\"0\">\n\t\t\t\t\t\t<i aria-hidden=\"true\" class=\"eicon-chevron-left\"><\/i>\t\t\t\t\t<\/div>\n\t\t\t\t\t<div class=\"elementor-swiper-button elementor-swiper-button-next\" role=\"button\" tabindex=\"0\">\n\t\t\t\t\t\t<i aria-hidden=\"true\" class=\"eicon-chevron-right\"><\/i>\t\t\t\t\t<\/div>\n\t\t\t\t\n\t\t\t\t\t\t\t\t\t<\/div>\n\t\t\t\t\t\t<\/div>\n\t\t\t\t<\/div>\n\t\t\t\t\t<\/div>\n\t\t<\/div>\n\t\t\t\t\t<\/div>\n\t\t<\/section>\n\t\t\t\t<section class=\"elementor-section elementor-top-section elementor-element elementor-element-0368dfa elementor-section-boxed elementor-section-height-default elementor-section-height-default\" data-id=\"0368dfa\" data-element_type=\"section\">\n\t\t\t\t\t\t<div class=\"elementor-container elementor-column-gap-default\">\n\t\t\t\t\t<div class=\"elementor-column elementor-col-100 elementor-top-column elementor-element elementor-element-27f1746\" data-id=\"27f1746\" data-element_type=\"column\">\n\t\t\t<div class=\"elementor-widget-wrap elementor-element-populated\">\n\t\t\t\t\t\t<div class=\"elementor-element elementor-element-d9af01f elementor-widget elementor-widget-text-editor\" data-id=\"d9af01f\" data-element_type=\"widget\" data-widget_type=\"text-editor.default\">\n\t\t\t\t<div class=\"elementor-widget-container\">\n\t\t\t\t\t\t\t\t\t<p>Fuera del \u00e1mbito del <strong>embalaje<\/strong>, se utiliza como se\u00f1al de seguridad y se\u00f1alizaci\u00f3n subterr\u00e1nea en la infraestructura de construcci\u00f3n, obras viales y aplicaciones de demarcaci\u00f3n de l\u00edmites. <\/p>\n<p><strong>pack&amp;net<\/strong> Ambalaj, Con <strong>20 a\u00f1os<\/strong> de experiencia, se adapta a los cambios y la innovaci\u00f3n, brindando soluciones vers\u00e1tiles y eficientes para servir a diversas industrias.<\/p>\n<p>Con enfoque en el cliente y utilizando pr\u00e1cticas <strong>est\u00e1ndar<\/strong>, fabricamos productos de embalaje y protecci\u00f3n a medida seg\u00fan las necesidades del cliente y en las dimensiones deseadas.<\/p>\n<p><strong>pack&amp;net<\/strong> Ambalaj, Con su producci\u00f3n de redes extruida innovadores, duraderos, de larga vida \u00fatil y de alta calidad, as\u00ed como su \u00e9xito en la velocidad de env\u00edo y las opciones de trabajo en stock centradas en el cliente, contin\u00faa siendo una marca preferida en la industria durante 20 a\u00f1os.<\/p>\n\t\t\t\t\t\t\t\t<\/div>\n\t\t\t\t<\/div>\n\t\t\t\t\t<\/div>\n\t\t<\/div>\n\t\t\t\t\t<\/div>\n\t\t<\/section>\n\t\t\t\t<section class=\"elementor-section elementor-top-section elementor-element elementor-element-5ad1674 elementor-section-boxed elementor-section-height-default elementor-section-height-default\" data-id=\"5ad1674\" data-element_type=\"section\">\n\t\t\t\t\t\t<div class=\"elementor-container elementor-column-gap-extended\">\n\t\t\t\t\t<div class=\"elementor-column elementor-col-25 elementor-top-column elementor-element elementor-element-f8d218f\" data-id=\"f8d218f\" data-element_type=\"column\">\n\t\t\t<div class=\"elementor-widget-wrap elementor-element-populated\">\n\t\t\t\t\t\t<div class=\"elementor-element elementor-element-c44b06a elementor-widget elementor-widget-counter\" data-id=\"c44b06a\" data-element_type=\"widget\" data-widget_type=\"counter.default\">\n\t\t\t\t<div class=\"elementor-widget-container\">\n\t\t\t\t\t\t\t<div class=\"elementor-counter\">\n\t\t\t<div class=\"elementor-counter-title\">Experiencia Anual<\/div>\t\t\t<div class=\"elementor-counter-number-wrapper\">\n\t\t\t\t<span class=\"elementor-counter-number-prefix\"><\/span>\n\t\t\t\t<span class=\"elementor-counter-number\" data-duration=\"2000\" data-to-value=\"20\" data-from-value=\"0\" data-delimiter=\",\">0<\/span>\n\t\t\t\t<span class=\"elementor-counter-number-suffix\"><\/span>\n\t\t\t<\/div>\n\t\t<\/div>\n\t\t\t\t\t\t<\/div>\n\t\t\t\t<\/div>\n\t\t\t\t\t<\/div>\n\t\t<\/div>\n\t\t\t\t<div class=\"elementor-column elementor-col-25 elementor-top-column elementor-element elementor-element-22884e3\" data-id=\"22884e3\" data-element_type=\"column\">\n\t\t\t<div class=\"elementor-widget-wrap elementor-element-populated\">\n\t\t\t\t\t\t<div class=\"elementor-element elementor-element-0911fa0 elementor-widget elementor-widget-counter\" data-id=\"0911fa0\" data-element_type=\"widget\" data-widget_type=\"counter.default\">\n\t\t\t\t<div class=\"elementor-widget-container\">\n\t\t\t\t\t\t\t<div class=\"elementor-counter\">\n\t\t\t<div class=\"elementor-counter-title\">Exportaci\u00f3n al Pa\u00eds.<\/div>\t\t\t<div class=\"elementor-counter-number-wrapper\">\n\t\t\t\t<span class=\"elementor-counter-number-prefix\"><\/span>\n\t\t\t\t<span class=\"elementor-counter-number\" data-duration=\"2000\" data-to-value=\"38\" data-from-value=\"0\" data-delimiter=\",\">0<\/span>\n\t\t\t\t<span class=\"elementor-counter-number-suffix\"><\/span>\n\t\t\t<\/div>\n\t\t<\/div>\n\t\t\t\t\t\t<\/div>\n\t\t\t\t<\/div>\n\t\t\t\t\t<\/div>\n\t\t<\/div>\n\t\t\t\t<div class=\"elementor-column elementor-col-25 elementor-top-column elementor-element elementor-element-374e311\" data-id=\"374e311\" data-element_type=\"column\">\n\t\t\t<div class=\"elementor-widget-wrap elementor-element-populated\">\n\t\t\t\t\t\t<div class=\"elementor-element elementor-element-12a5c24 elementor-widget elementor-widget-counter\" data-id=\"12a5c24\" data-element_type=\"widget\" data-widget_type=\"counter.default\">\n\t\t\t\t<div class=\"elementor-widget-container\">\n\t\t\t\t\t\t\t<div class=\"elementor-counter\">\n\t\t\t<div class=\"elementor-counter-title\">Sector<\/div>\t\t\t<div class=\"elementor-counter-number-wrapper\">\n\t\t\t\t<span class=\"elementor-counter-number-prefix\"><\/span>\n\t\t\t\t<span class=\"elementor-counter-number\" data-duration=\"2000\" data-to-value=\"4\" data-from-value=\"0\" data-delimiter=\".\">0<\/span>\n\t\t\t\t<span class=\"elementor-counter-number-suffix\"><\/span>\n\t\t\t<\/div>\n\t\t<\/div>\n\t\t\t\t\t\t<\/div>\n\t\t\t\t<\/div>\n\t\t\t\t\t<\/div>\n\t\t<\/div>\n\t\t\t\t<div class=\"elementor-column elementor-col-25 elementor-top-column elementor-element elementor-element-fdfb92b\" data-id=\"fdfb92b\" data-element_type=\"column\">\n\t\t\t<div class=\"elementor-widget-wrap elementor-element-populated\">\n\t\t\t\t\t\t<div class=\"elementor-element elementor-element-bde97d1 elementor-widget elementor-widget-counter\" data-id=\"bde97d1\" data-element_type=\"widget\" data-widget_type=\"counter.default\">\n\t\t\t\t<div class=\"elementor-widget-container\">\n\t\t\t\t\t\t\t<div class=\"elementor-counter\">\n\t\t\t<div class=\"elementor-counter-title\">Variedad de Productos Diferentes.<\/div>\t\t\t<div class=\"elementor-counter-number-wrapper\">\n\t\t\t\t<span class=\"elementor-counter-number-prefix\">+<\/span>\n\t\t\t\t<span class=\"elementor-counter-number\" data-duration=\"2000\" data-to-value=\"100\" data-from-value=\"0\" data-delimiter=\",\">0<\/span>\n\t\t\t\t<span class=\"elementor-counter-number-suffix\"><\/span>\n\t\t\t<\/div>\n\t\t<\/div>\n\t\t\t\t\t\t<\/div>\n\t\t\t\t<\/div>\n\t\t\t\t\t<\/div>\n\t\t<\/div>\n\t\t\t\t\t<\/div>\n\t\t<\/section>\n\t\t\t\t<section class=\"elementor-section elementor-top-section elementor-element elementor-element-070eb3c elementor-section-full_width elementor-section-height-default elementor-section-height-default\" data-id=\"070eb3c\" data-element_type=\"section\">\n\t\t\t\t\t\t<div class=\"elementor-container elementor-column-gap-no\">\n\t\t\t\t\t<div class=\"elementor-column elementor-col-33 elementor-top-column elementor-element elementor-element-48302da\" data-id=\"48302da\" data-element_type=\"column\" data-settings=\"{&quot;background_background&quot;:&quot;classic&quot;}\">\n\t\t\t<div class=\"elementor-widget-wrap elementor-element-populated\">\n\t\t\t\t\t\t<div class=\"elementor-element elementor-element-1ba532f elementor-widget elementor-widget-heading\" data-id=\"1ba532f\" data-element_type=\"widget\" data-widget_type=\"heading.default\">\n\t\t\t\t<div class=\"elementor-widget-container\">\n\t\t\t\t\t<h2 class=\"elementor-heading-title elementor-size-default\">Experto en la producci\u00f3n de Red de Pl\u00e1stico Extruido<\/h2>\t\t\t\t<\/div>\n\t\t\t\t<\/div>\n\t\t\t\t<div class=\"elementor-element elementor-element-690ec5d elementor-widget elementor-widget-text-editor\" data-id=\"690ec5d\" data-element_type=\"widget\" data-widget_type=\"text-editor.default\">\n\t\t\t\t<div class=\"elementor-widget-container\">\n\t\t\t\t\t\t\t\t\t<ul>\n<li>Pr\u00e1cticas Est\u00e1ndar<\/li>\n<li>Redes personalizados seg\u00fan las necesidades<\/li>\n<\/ul>\n\t\t\t\t\t\t\t\t<\/div>\n\t\t\t\t<\/div>\n\t\t\t\t<div class=\"elementor-element elementor-element-d487af8 elementor-align-left elementor-tablet-align-center elementor-widget elementor-widget-button\" data-id=\"d487af8\" data-element_type=\"widget\" data-widget_type=\"button.default\">\n\t\t\t\t<div class=\"elementor-widget-container\">\n\t\t\t\t\t\t\t\t\t<div class=\"elementor-button-wrapper\">\n\t\t\t\t\t<a class=\"elementor-button elementor-button-link elementor-size-md\" href=\"https:\/\/packnet.com.tr\/sarimsak-sogan-filesi\/\">\n\t\t\t\t\t\t<span class=\"elementor-button-content-wrapper\">\n\t\t\t\t\t\t\t\t\t<span class=\"elementor-button-text\">Informaci\u00f3n detallada<\/span>\n\t\t\t\t\t<\/span>\n\t\t\t\t\t<\/a>\n\t\t\t\t<\/div>\n\t\t\t\t\t\t\t\t<\/div>\n\t\t\t\t<\/div>\n\t\t\t\t\t<\/div>\n\t\t<\/div>\n\t\t\t\t<div class=\"elementor-column elementor-col-33 elementor-top-column elementor-element elementor-element-68f9de4 elementor-hidden-phone\" data-id=\"68f9de4\" data-element_type=\"column\" data-settings=\"{&quot;background_background&quot;:&quot;classic&quot;}\">\n\t\t\t<div class=\"elementor-widget-wrap elementor-element-populated\">\n\t\t\t\t\t\t<div class=\"elementor-element elementor-element-71beca1 elementor-widget elementor-widget-image\" data-id=\"71beca1\" data-element_type=\"widget\" data-widget_type=\"image.default\">\n\t\t\t\t<div class=\"elementor-widget-container\">\n\t\t\t\t\t\t\t\t\t\t\t\t\t\t\t<img fetchpriority=\"high\" decoding=\"async\" width=\"500\" height=\"650\" src=\"https:\/\/packnet.com.tr\/wp-content\/uploads\/2021\/04\/packnet-hakkinda-07.jpg\" class=\"attachment-full size-full wp-image-4664\" alt=\"\" srcset=\"https:\/\/packnet.com.tr\/wp-content\/uploads\/2021\/04\/packnet-hakkinda-07.jpg 500w, https:\/\/packnet.com.tr\/wp-content\/uploads\/2021\/04\/packnet-hakkinda-07-231x300.jpg 231w\" sizes=\"(max-width: 500px) 100vw, 500px\" \/>\t\t\t\t\t\t\t\t\t\t\t\t\t\t\t<\/div>\n\t\t\t\t<\/div>\n\t\t\t\t\t<\/div>\n\t\t<\/div>\n\t\t\t\t<div class=\"elementor-column elementor-col-33 elementor-top-column elementor-element elementor-element-8f6d5d5\" data-id=\"8f6d5d5\" data-element_type=\"column\" data-settings=\"{&quot;background_background&quot;:&quot;classic&quot;}\">\n\t\t\t<div class=\"elementor-widget-wrap elementor-element-populated\">\n\t\t\t\t\t\t<div class=\"elementor-element elementor-element-6e8cbc2 elementor-widget elementor-widget-heading\" data-id=\"6e8cbc2\" data-element_type=\"widget\" data-widget_type=\"heading.default\">\n\t\t\t\t<div class=\"elementor-widget-container\">\n\t\t\t\t\t<h3 class=\"elementor-heading-title elementor-size-default\">Especializaci\u00f3n <br>\nnuestras \u00e1reas de<\/h3>\t\t\t\t<\/div>\n\t\t\t\t<\/div>\n\t\t\t\t<div class=\"elementor-element elementor-element-7d086fd elementor-widget elementor-widget-text-editor\" data-id=\"7d086fd\" data-element_type=\"widget\" data-widget_type=\"text-editor.default\">\n\t\t\t\t<div class=\"elementor-widget-container\">\n\t\t\t\t\t\t\t\t\t<p>Desde hace 20 a\u00f1os, nos especializamos en la producci\u00f3n de red extruida de alta calidad y larga duraci\u00f3n, centr\u00e1ndonos en el enfoque hacia el cliente y la fabricaci\u00f3n personalizada seg\u00fan sus necesidades. Adem\u00e1s, cumplimos con los est\u00e1ndares de calidad establecidos en las siguientes aplicaciones est\u00e1ndar.<\/p>\n\t\t\t\t\t\t\t\t<\/div>\n\t\t\t\t<\/div>\n\t\t\t\t<div class=\"elementor-element elementor-element-680d745 elementor-widget elementor-widget-progress\" data-id=\"680d745\" data-element_type=\"widget\" data-widget_type=\"progress.default\">\n\t\t\t\t<div class=\"elementor-widget-container\">\n\t\t\t\t\t\n\t\t<div class=\"elementor-progress-wrapper\" role=\"progressbar\" aria-valuemin=\"0\" aria-valuemax=\"100\" aria-valuenow=\"40\" aria-valuetext=\"40% (Redes de Protecci\u00f3n)\">\n\t\t\t<div class=\"elementor-progress-bar\" data-max=\"40\">\n\t\t\t\t<span class=\"elementor-progress-text\">Redes de Protecci\u00f3n<\/span>\n\t\t\t\t\t\t\t<\/div>\n\t\t<\/div>\n\t\t\t\t\t\t<\/div>\n\t\t\t\t<\/div>\n\t\t\t\t<div class=\"elementor-element elementor-element-ba50b5d elementor-widget elementor-widget-progress\" data-id=\"ba50b5d\" data-element_type=\"widget\" data-widget_type=\"progress.default\">\n\t\t\t\t<div class=\"elementor-widget-container\">\n\t\t\t\t\t\n\t\t<div class=\"elementor-progress-wrapper\" role=\"progressbar\" aria-valuemin=\"0\" aria-valuemax=\"100\" aria-valuenow=\"50\" aria-valuetext=\"50% (Red de advertencia de seguridad)\">\n\t\t\t<div class=\"elementor-progress-bar\" data-max=\"50\">\n\t\t\t\t<span class=\"elementor-progress-text\">Red de advertencia de seguridad<\/span>\n\t\t\t\t\t\t\t<\/div>\n\t\t<\/div>\n\t\t\t\t\t\t<\/div>\n\t\t\t\t<\/div>\n\t\t\t\t<div class=\"elementor-element elementor-element-e692934 elementor-widget elementor-widget-progress\" data-id=\"e692934\" data-element_type=\"widget\" data-widget_type=\"progress.default\">\n\t\t\t\t<div class=\"elementor-widget-container\">\n\t\t\t\t\t\n\t\t<div class=\"elementor-progress-wrapper\" role=\"progressbar\" aria-valuemin=\"0\" aria-valuemax=\"100\" aria-valuenow=\"80\" aria-valuetext=\"80% (Redes y Tubos Agr\u00edcolas y Forestales)\">\n\t\t\t<div class=\"elementor-progress-bar\" data-max=\"80\">\n\t\t\t\t<span class=\"elementor-progress-text\">Redes y Tubos Agr\u00edcolas y Forestales<\/span>\n\t\t\t\t\t\t\t<\/div>\n\t\t<\/div>\n\t\t\t\t\t\t<\/div>\n\t\t\t\t<\/div>\n\t\t\t\t<div class=\"elementor-element elementor-element-a80dbaf elementor-widget elementor-widget-progress\" data-id=\"a80dbaf\" data-element_type=\"widget\" data-widget_type=\"progress.default\">\n\t\t\t\t<div class=\"elementor-widget-container\">\n\t\t\t\t\t\n\t\t<div class=\"elementor-progress-wrapper\" role=\"progressbar\" aria-valuemin=\"0\" aria-valuemax=\"100\" aria-valuenow=\"100\" aria-valuetext=\"100% (Empaques, Empaques, Redes Promocionales)\">\n\t\t\t<div class=\"elementor-progress-bar\" data-max=\"100\">\n\t\t\t\t<span class=\"elementor-progress-text\">Empaques, Empaques, Redes Promocionales<\/span>\n\t\t\t\t\t\t\t<\/div>\n\t\t<\/div>\n\t\t\t\t\t\t<\/div>\n\t\t\t\t<\/div>\n\t\t\t\t\t<\/div>\n\t\t<\/div>\n\t\t\t\t\t<\/div>\n\t\t<\/section>\n\t\t\t\t<\/div>\n\t\t","protected":false},"excerpt":{"rendered":"<p>pack&amp;net Qui\u00e9nes Somos pack&amp;net&nbsp; Ambalaj Sanayi ve Ticaret A.\u015e. Desde junio de 2003, nos dedicamos a la producci\u00f3n de &nbsp; Red de Pl\u00e1stico Extruida &nbsp;, que se utiliza ampliamente en todo el mundo como material de embalaje, protecci\u00f3n y promoci\u00f3n. Red extruida&nbsp; Especialmente, se prefiere en el embalaje de vegetales, frutas y productos alimenticios, as\u00ed [&hellip;]<\/p>\n","protected":false},"author":1,"featured_media":4664,"parent":0,"menu_order":0,"comment_status":"closed","ping_status":"closed","template":"","meta":{"footnotes":""},"class_list":["post-5201","page","type-page","status-publish","has-post-thumbnail","hentry"],"_links":{"self":[{"href":"https:\/\/packnet.com.tr\/es\/wp-json\/wp\/v2\/pages\/5201","targetHints":{"allow":["GET"]}}],"collection":[{"href":"https:\/\/packnet.com.tr\/es\/wp-json\/wp\/v2\/pages"}],"about":[{"href":"https:\/\/packnet.com.tr\/es\/wp-json\/wp\/v2\/types\/page"}],"author":[{"embeddable":true,"href":"https:\/\/packnet.com.tr\/es\/wp-json\/wp\/v2\/users\/1"}],"replies":[{"embeddable":true,"href":"https:\/\/packnet.com.tr\/es\/wp-json\/wp\/v2\/comments?post=5201"}],"version-history":[{"count":0,"href":"https:\/\/packnet.com.tr\/es\/wp-json\/wp\/v2\/pages\/5201\/revisions"}],"wp:featuredmedia":[{"embeddable":true,"href":"https:\/\/packnet.com.tr\/es\/wp-json\/wp\/v2\/media\/4664"}],"wp:attachment":[{"href":"https:\/\/packnet.com.tr\/es\/wp-json\/wp\/v2\/media?parent=5201"}],"curies":[{"name":"wp","href":"https:\/\/api.w.org\/{rel}","templated":true}]}}