{"id":6098,"date":"2023-09-10T22:17:47","date_gmt":"2023-09-10T19:17:47","guid":{"rendered":"https:\/\/packnet.com.tr\/texto-de-aclaracion\/"},"modified":"2023-09-10T22:17:47","modified_gmt":"2023-09-10T19:17:47","slug":"texto-de-aclaracion","status":"publish","type":"page","link":"https:\/\/packnet.com.tr\/es\/texto-de-aclaracion\/","title":{"rendered":"Texto de aclaraci\u00f3n"},"content":{"rendered":"\t\t<div data-elementor-type=\"wp-page\" data-elementor-id=\"6098\" class=\"elementor elementor-6098 elementor-5\" data-elementor-post-type=\"page\">\n\t\t\t\t\t\t<section class=\"elementor-section elementor-top-section elementor-element elementor-element-fd2a7d0 elementor-section-boxed elementor-section-height-default elementor-section-height-default\" data-id=\"fd2a7d0\" data-element_type=\"section\">\n\t\t\t\t\t\t<div class=\"elementor-container elementor-column-gap-default\">\n\t\t\t\t\t<div class=\"elementor-column elementor-col-100 elementor-top-column elementor-element elementor-element-aff63d7\" data-id=\"aff63d7\" data-element_type=\"column\">\n\t\t\t<div class=\"elementor-widget-wrap elementor-element-populated\">\n\t\t\t\t\t\t<div class=\"elementor-element elementor-element-11db0fb elementor-widget elementor-widget-heading\" data-id=\"11db0fb\" data-element_type=\"widget\" data-widget_type=\"heading.default\">\n\t\t\t\t<div class=\"elementor-widget-container\">\n\t\t\t\t\t<h1 class=\"elementor-heading-title elementor-size-default\">Texto aclaratorio de KVKK<\/h1>\t\t\t\t<\/div>\n\t\t\t\t<\/div>\n\t\t\t\t<div class=\"elementor-element elementor-element-a69a0d0 elementor-widget elementor-widget-text-editor\" data-id=\"a69a0d0\" data-element_type=\"widget\" data-widget_type=\"text-editor.default\">\n\t\t\t\t<div class=\"elementor-widget-container\">\n\t\t\t\t\t\t\t\t\t<h2><strong>Texto aclaratorio sobre los datos personales tratados en el formulario de contacto<\/strong><\/h2>\n<p>Este texto aclaratorio lo presenta <strong>PACK&amp;NET AMBALAJ SAN VE T\u0130C A.\u015e (\u00abpack&amp;net\u00bb)<\/strong> de conformidad con el art\u00edculo 10 de la Ley n\u00ba 6698 de Protecci\u00f3n de Datos de Car\u00e1cter Personal (\u00abKVKK\u00bb). y el Comunicado sobre los Procedimientos y Principios a Seguir en el Cumplimiento de la Obligaci\u00f3n de Divulgaci\u00f3n, con el fin de informarle sobre los fines del tratamiento de sus datos personales, los motivos legales, el m\u00e9todo de recopilaci\u00f3n, a qui\u00e9n pueden ser transferidos y sus derechos en virtud del KVKK.<\/p>\n<p>Sus datos personales de nombre y direcci\u00f3n de correo electr\u00f3nico que comparte a trav\u00e9s del formulario de contacto en nuestro sitio web se procesan con el fin de llevar a cabo el trabajo necesario por las unidades de negocio con el fin de beneficiar a las personas pertinentes de los productos y servicios ofrecidos por nuestra empresa, llevar a cabo los procesos de negocio pertinentes y ponerse en contacto con usted sobre el tema que ha solicitado. Adem\u00e1s, no tenemos ning\u00fan control absoluto sobre la informaci\u00f3n que usted comparte con este formulario. Le aconsejamos que no comparta con nuestra empresa sus datos personales y los datos personales sensibles que no desee que conozcamos.<\/p>\n<p>Los datos personales en cuesti\u00f3n est\u00e1n sujetos a las disposiciones del art\u00edculo 5 de la KVKK. \u00absiempre que no lesione los derechos y libertades fundamentales del interesado, el tratamiento de datos es obligatorio para los intereses leg\u00edtimos del responsable del tratamiento\u00bb y \u00abes obligatorio para que el responsable del tratamiento cumpla su obligaci\u00f3n legal\u00bb y s\u00f3lo se compartir\u00e1n con las autoridades judiciales pertinentes en litigios legales.<\/p>\n<p>Art\u00edculo 11 de la Ley reguladora de los derechos del interesado. Puede presentar sus solicitudes en el \u00e1mbito del art\u00edculo seg\u00fan el \u00abComunicado sobre los procedimientos y principios de aplicaci\u00f3n al responsable del tratamiento\u00bb, <strong>PACK&amp;NET AMBALAJ SAN VE T\u0130C A.\u015e (\u00abpack&amp;net\u00bb)<\/strong> <strong>GEPOSB Atat\u00fcrk Bulvar\u0131 9.Cd 92.Sk 41400 Gebze \/ KOCAEL\u0130 <\/strong> o env\u00edela por escrito a <a href=\"mailto:info@packnet.com.tr\">info@packnet.com.tr<\/a> direcci\u00f3n de correo electr\u00f3nico.<\/p>\n\t\t\t\t\t\t\t\t<\/div>\n\t\t\t\t<\/div>\n\t\t\t\t\t<\/div>\n\t\t<\/div>\n\t\t\t\t\t<\/div>\n\t\t<\/section>\n\t\t\t\t<\/div>\n\t\t","protected":false},"excerpt":{"rendered":"<p>Texto aclaratorio de KVKK Texto aclaratorio sobre los datos personales tratados en el formulario de contacto Este texto aclaratorio lo presenta PACK&amp;NET AMBALAJ SAN VE T\u0130C A.\u015e (\u00abpack&amp;net\u00bb) de conformidad con el art\u00edculo 10 de la Ley n\u00ba 6698 de Protecci\u00f3n de Datos de Car\u00e1cter Personal (\u00abKVKK\u00bb). y el Comunicado sobre los Procedimientos y Principios [&hellip;]<\/p>\n","protected":false},"author":1,"featured_media":0,"parent":0,"menu_order":0,"comment_status":"closed","ping_status":"open","template":"","meta":{"footnotes":""},"class_list":["post-6098","page","type-page","status-publish","hentry"],"_links":{"self":[{"href":"https:\/\/packnet.com.tr\/es\/wp-json\/wp\/v2\/pages\/6098","targetHints":{"allow":["GET"]}}],"collection":[{"href":"https:\/\/packnet.com.tr\/es\/wp-json\/wp\/v2\/pages"}],"about":[{"href":"https:\/\/packnet.com.tr\/es\/wp-json\/wp\/v2\/types\/page"}],"author":[{"embeddable":true,"href":"https:\/\/packnet.com.tr\/es\/wp-json\/wp\/v2\/users\/1"}],"replies":[{"embeddable":true,"href":"https:\/\/packnet.com.tr\/es\/wp-json\/wp\/v2\/comments?post=6098"}],"version-history":[{"count":0,"href":"https:\/\/packnet.com.tr\/es\/wp-json\/wp\/v2\/pages\/6098\/revisions"}],"wp:attachment":[{"href":"https:\/\/packnet.com.tr\/es\/wp-json\/wp\/v2\/media?parent=6098"}],"curies":[{"name":"wp","href":"https:\/\/api.w.org\/{rel}","templated":true}]}}