{"id":6113,"date":"2023-09-10T22:27:21","date_gmt":"2023-09-10T19:27:21","guid":{"rendered":"https:\/\/packnet.com.tr\/politica-de-cookies\/"},"modified":"2023-09-10T22:27:22","modified_gmt":"2023-09-10T19:27:22","slug":"politica-de-cookies","status":"publish","type":"page","link":"https:\/\/packnet.com.tr\/es\/politica-de-cookies\/","title":{"rendered":"Pol\u00edtica de cookies"},"content":{"rendered":"\t\t<div data-elementor-type=\"wp-page\" data-elementor-id=\"6113\" class=\"elementor elementor-6113 elementor-3489\" data-elementor-post-type=\"page\">\n\t\t\t\t\t\t<section class=\"elementor-section elementor-top-section elementor-element elementor-element-5c8cb44 elementor-section-boxed elementor-section-height-default elementor-section-height-default\" data-id=\"5c8cb44\" data-element_type=\"section\">\n\t\t\t\t\t\t<div class=\"elementor-container elementor-column-gap-default\">\n\t\t\t\t\t<div class=\"elementor-column elementor-col-100 elementor-top-column elementor-element elementor-element-8cf380c\" data-id=\"8cf380c\" data-element_type=\"column\">\n\t\t\t<div class=\"elementor-widget-wrap elementor-element-populated\">\n\t\t\t\t\t\t<div class=\"elementor-element elementor-element-02bc8e0 elementor-widget elementor-widget-heading\" data-id=\"02bc8e0\" data-element_type=\"widget\" data-widget_type=\"heading.default\">\n\t\t\t\t<div class=\"elementor-widget-container\">\n\t\t\t\t\t<h1 class=\"elementor-heading-title elementor-size-default\">Pol\u00edtica de cookies<\/h1>\t\t\t\t<\/div>\n\t\t\t\t<\/div>\n\t\t\t\t<div class=\"elementor-element elementor-element-302e8f6 elementor-widget elementor-widget-text-editor\" data-id=\"302e8f6\" data-element_type=\"widget\" data-widget_type=\"text-editor.default\">\n\t\t\t\t<div class=\"elementor-widget-container\">\n\t\t\t\t\t\t\t\t\t<p><strong>PACK&amp;NET AMBALAJ SAN VE T\u0130C A.\u015e (\u00abpack&amp;net\u00bb)<\/strong>, utilizamos cookies para que pueda hacer un uso m\u00e1s eficiente de nuestros sitios web y mejorar su experiencia de usuario. Si no prefiere el uso de cookies, puede eliminarlas o bloquearlas en la configuraci\u00f3n de su navegador o en la descripci\u00f3n detallada de la eliminaci\u00f3n de cookies que figura a continuaci\u00f3n. No obstante, le recordamos que esto puede afectar al uso que haga de nuestros sitios web. Asumiremos que acepta el uso de cookies en nuestros sitios web a menos que cambie la configuraci\u00f3n de cookies en su navegador. La normativa relativa a los datos recopilados puede consultarse en el <a href=\"https:\/\/packnet.com.tr\/es\/texto-de-aclaracion\/\" target=\"_blank\" rel=\"noopener\">Texto de divulgaci\u00f3n<\/a> de nuestros sitios web.<\/p>\n<p>Nuestras cookies se utilizan para ofrecerle una experiencia personalizada durante su uso de nuestros sitios web, para mejorar nuestros servicios y para mejorar su experiencia. Las cookies son de tres tipos: <\/p>\n<p><strong>Cookies de sesi\u00f3n:<\/strong> Cookies temporales, se borran al cerrar el navegador, por lo que no son permanentes. Se utilizan para fines tales como garantizar la seguridad y continuidad de nuestros sitios y de su visita.<\/p>\n<p><strong>Cookies permanentes:<\/strong> Se guardan en subcarpetas de su navegador hasta que act\u00fae o hasta que expire el intervalo de tiempo de la cookie. Estas cookies ayudan a nuestro sitio web a recordar sus datos y elecciones la pr\u00f3xima vez que nos visite.<\/p>\n<p><strong>Cookies de origen y de terceros:<\/strong> Las cookies de origen son cookies utilizadas por nuestro sitio web. Las cookies de terceros son cookies instaladas en su ordenador que no son de nuestro sitio web.<\/p>\n<p><strong>Cookies obligatorias:<\/strong> budeart.com funcione correctamente, se trata de cookies an\u00f3nimas establecidas con el fin de presentar sus caracter\u00edsticas correctamente.<\/p>\n<p><strong>Cookies funcionales y anal\u00edticas:<\/strong> Las cookies funcionales se utilizan para recordar sus preferencias y mejorar su experiencia de navegaci\u00f3n, y las cookies anal\u00edticas se utilizan para ver cu\u00e1les de nuestras p\u00e1ginas atraen m\u00e1s la atenci\u00f3n, qu\u00e9 recursos se ven m\u00e1s, y para ver el tr\u00e1fico en nuestros sitios y proporcionar servicios de acuerdo con este tr\u00e1fico. Las cookies de esta naturaleza tambi\u00e9n son an\u00f3nimas;<\/p>\n<p><strong>pack&amp;net<\/strong> utiliza cookies obligatorias y cookies funcionales y anal\u00edticas en su sitio web o web m\u00f3vil.<\/p>\n<p>Se utilizan cookies de Google Analytics excepto las obligatorias y las de origen utilizadas por nuestros sitios web;<\/p>\n<p><strong>Google Analytics:<\/strong> Herramienta de an\u00e1lisis web que analiza c\u00f3mo los usuarios utilizan un sitio web. Adem\u00e1s de los datos anonimizados, los datos personales relacionados con su uso del sitio web (nombre, direcci\u00f3n, direcci\u00f3n de correo electr\u00f3nico, direcci\u00f3n IP) ser\u00e1n enviados a Google por su navegador y procesados por Google.<\/p>\n<p>El usuario puede eliminar las cookies persistentes y rechazar tanto las cookies de sesi\u00f3n como las cookies persistentes siguiendo las instrucciones proporcionadas en el archivo de \u00abayuda\u00bb de su navegador de Internet o visitando \u00abwww.allaboutcookies.org \u00bb o \u00abwww.youronlinechoices.eu \u00ab. Si el usuario rechaza las cookies persistentes o las cookies de sesi\u00f3n, podr\u00e1 seguir utilizando el sitio web o la web m\u00f3vil, pero es posible que no pueda acceder o que tenga un acceso limitado a la funcionalidad completa de estos medios.<\/p>\n\t\t\t\t\t\t\t\t<\/div>\n\t\t\t\t<\/div>\n\t\t\t\t\t<\/div>\n\t\t<\/div>\n\t\t\t\t\t<\/div>\n\t\t<\/section>\n\t\t\t\t<\/div>\n\t\t","protected":false},"excerpt":{"rendered":"<p>Pol\u00edtica de cookies PACK&amp;NET AMBALAJ SAN VE T\u0130C A.\u015e (\u00abpack&amp;net\u00bb), utilizamos cookies para que pueda hacer un uso m\u00e1s eficiente de nuestros sitios web y mejorar su experiencia de usuario. Si no prefiere el uso de cookies, puede eliminarlas o bloquearlas en la configuraci\u00f3n de su navegador o en la descripci\u00f3n detallada de la eliminaci\u00f3n [&hellip;]<\/p>\n","protected":false},"author":1,"featured_media":0,"parent":0,"menu_order":0,"comment_status":"closed","ping_status":"closed","template":"","meta":{"footnotes":""},"class_list":["post-6113","page","type-page","status-publish","hentry"],"_links":{"self":[{"href":"https:\/\/packnet.com.tr\/es\/wp-json\/wp\/v2\/pages\/6113","targetHints":{"allow":["GET"]}}],"collection":[{"href":"https:\/\/packnet.com.tr\/es\/wp-json\/wp\/v2\/pages"}],"about":[{"href":"https:\/\/packnet.com.tr\/es\/wp-json\/wp\/v2\/types\/page"}],"author":[{"embeddable":true,"href":"https:\/\/packnet.com.tr\/es\/wp-json\/wp\/v2\/users\/1"}],"replies":[{"embeddable":true,"href":"https:\/\/packnet.com.tr\/es\/wp-json\/wp\/v2\/comments?post=6113"}],"version-history":[{"count":0,"href":"https:\/\/packnet.com.tr\/es\/wp-json\/wp\/v2\/pages\/6113\/revisions"}],"wp:attachment":[{"href":"https:\/\/packnet.com.tr\/es\/wp-json\/wp\/v2\/media?parent=6113"}],"curies":[{"name":"wp","href":"https:\/\/api.w.org\/{rel}","templated":true}]}}