{"id":5838,"date":"2023-08-29T17:13:12","date_gmt":"2023-08-29T14:13:12","guid":{"rendered":"https:\/\/packnet.com.tr\/actualites\/"},"modified":"2023-09-10T22:53:25","modified_gmt":"2023-09-10T19:53:25","slug":"actualites","status":"publish","type":"page","link":"https:\/\/packnet.com.tr\/fr\/actualites\/","title":{"rendered":"Actualit\u00e9s"},"content":{"rendered":"\t\t<div data-elementor-type=\"wp-page\" data-elementor-id=\"5838\" class=\"elementor elementor-5838 elementor-4143\" data-elementor-post-type=\"page\">\n\t\t\t\t<div class=\"elementor-element elementor-element-49a3fe8 e-flex e-con-boxed e-con e-parent\" data-id=\"49a3fe8\" data-element_type=\"container\">\n\t\t\t\t\t<div class=\"e-con-inner\">\n\t\t\t\t<div class=\"elementor-element elementor-element-13e5460 elementor-grid-3 elementor-grid-tablet-2 elementor-grid-mobile-1 elementor-posts--thumbnail-top elementor-card-shadow-yes elementor-posts__hover-gradient elementor-widget elementor-widget-posts\" data-id=\"13e5460\" data-element_type=\"widget\" data-settings=\"{&quot;cards_columns&quot;:&quot;3&quot;,&quot;cards_columns_tablet&quot;:&quot;2&quot;,&quot;cards_columns_mobile&quot;:&quot;1&quot;,&quot;cards_row_gap&quot;:{&quot;unit&quot;:&quot;px&quot;,&quot;size&quot;:35,&quot;sizes&quot;:[]},&quot;cards_row_gap_tablet&quot;:{&quot;unit&quot;:&quot;px&quot;,&quot;size&quot;:&quot;&quot;,&quot;sizes&quot;:[]},&quot;cards_row_gap_mobile&quot;:{&quot;unit&quot;:&quot;px&quot;,&quot;size&quot;:&quot;&quot;,&quot;sizes&quot;:[]}}\" data-widget_type=\"posts.cards\">\n\t\t\t\t<div class=\"elementor-widget-container\">\n\t\t\t\t\t\t\t<div class=\"elementor-posts-container elementor-posts elementor-posts--skin-cards elementor-grid\" role=\"list\">\n\t\t\t\t<article class=\"elementor-post elementor-grid-item post-6147 post type-post status-publish format-standard has-post-thumbnail hentry category-non-classifiee\" role=\"listitem\">\n\t\t\t<div class=\"elementor-post__card\">\n\t\t\t\t<a class=\"elementor-post__thumbnail__link\" href=\"https:\/\/packnet.com.tr\/fr\/amicalement-de-lagriculture-et-des-agriculteurs-filet-et-tubes-de-protection-pour-plantules\/\" tabindex=\"-1\"><div class=\"elementor-post__thumbnail\"><img fetchpriority=\"high\" decoding=\"async\" width=\"1920\" height=\"500\" src=\"https:\/\/packnet.com.tr\/wp-content\/uploads\/2021\/04\/packnet-fidan-koruma.jpg\" class=\"attachment-full size-full wp-image-5041\" alt=\"\" srcset=\"https:\/\/packnet.com.tr\/wp-content\/uploads\/2021\/04\/packnet-fidan-koruma.jpg 1920w, https:\/\/packnet.com.tr\/wp-content\/uploads\/2021\/04\/packnet-fidan-koruma-300x78.jpg 300w, https:\/\/packnet.com.tr\/wp-content\/uploads\/2021\/04\/packnet-fidan-koruma-1024x267.jpg 1024w, https:\/\/packnet.com.tr\/wp-content\/uploads\/2021\/04\/packnet-fidan-koruma-768x200.jpg 768w, https:\/\/packnet.com.tr\/wp-content\/uploads\/2021\/04\/packnet-fidan-koruma-1536x400.jpg 1536w\" sizes=\"(max-width: 1920px) 100vw, 1920px\" \/><\/div><\/a>\n\t\t\t\t<div class=\"elementor-post__text\">\n\t\t\t\t<h3 class=\"elementor-post__title\">\n\t\t\t<a href=\"https:\/\/packnet.com.tr\/fr\/amicalement-de-lagriculture-et-des-agriculteurs-filet-et-tubes-de-protection-pour-plantules\/\">\n\t\t\t\tAmicalement de l&rsquo;agriculture et des agriculteurs Filet et Tubes de protection pour Plantules\t\t\t<\/a>\n\t\t<\/h3>\n\t\t\t\t<div class=\"elementor-post__excerpt\">\n\t\t\t<p>Il est possible de d\u00c3\u00a9finir les filets et tubes de protection pour plantules comme un bouclier qui prot\u00c3\u00a8ge les jeunes arbres contre les facteurs externes<\/p>\n\t\t<\/div>\n\t\t\n\t\t<a class=\"elementor-post__read-more\" href=\"https:\/\/packnet.com.tr\/fr\/amicalement-de-lagriculture-et-des-agriculteurs-filet-et-tubes-de-protection-pour-plantules\/\" aria-label=\"En savoir plus sur Amicalement de l&rsquo;agriculture et des agriculteurs Filet et Tubes de protection pour Plantules\" tabindex=\"-1\">\n\t\t\tLire la suite \u00bb\t\t<\/a>\n\n\t\t\t\t<\/div>\n\t\t\t\t<div class=\"elementor-post__meta-data\">\n\t\t\t\t\t<span class=\"elementor-post-date\">\n\t\t\t22 septembre 2023\t\t<\/span>\n\t\t\t\t<\/div>\n\t\t\t\t\t<\/div>\n\t\t<\/article>\n\t\t\t\t<article class=\"elementor-post elementor-grid-item post-6145 post type-post status-publish format-standard has-post-thumbnail hentry category-non-classifiee\" role=\"listitem\">\n\t\t\t<div class=\"elementor-post__card\">\n\t\t\t\t<a class=\"elementor-post__thumbnail__link\" href=\"https:\/\/packnet.com.tr\/fr\/mathodes-pour-protager-les-jeunes-plants-du-froid-voix-dagriculteur\/\" tabindex=\"-1\"><div class=\"elementor-post__thumbnail\"><img decoding=\"async\" width=\"1920\" height=\"500\" src=\"https:\/\/packnet.com.tr\/wp-content\/uploads\/2022\/04\/fidanlari-soguktan-koruma-yontemleri-01.jpg\" class=\"attachment-full size-full wp-image-5076\" alt=\"\" srcset=\"https:\/\/packnet.com.tr\/wp-content\/uploads\/2022\/04\/fidanlari-soguktan-koruma-yontemleri-01.jpg 1920w, https:\/\/packnet.com.tr\/wp-content\/uploads\/2022\/04\/fidanlari-soguktan-koruma-yontemleri-01-300x78.jpg 300w, https:\/\/packnet.com.tr\/wp-content\/uploads\/2022\/04\/fidanlari-soguktan-koruma-yontemleri-01-1024x267.jpg 1024w, https:\/\/packnet.com.tr\/wp-content\/uploads\/2022\/04\/fidanlari-soguktan-koruma-yontemleri-01-768x200.jpg 768w, https:\/\/packnet.com.tr\/wp-content\/uploads\/2022\/04\/fidanlari-soguktan-koruma-yontemleri-01-1536x400.jpg 1536w\" sizes=\"(max-width: 1920px) 100vw, 1920px\" \/><\/div><\/a>\n\t\t\t\t<div class=\"elementor-post__text\">\n\t\t\t\t<h3 class=\"elementor-post__title\">\n\t\t\t<a href=\"https:\/\/packnet.com.tr\/fr\/mathodes-pour-protager-les-jeunes-plants-du-froid-voix-dagriculteur\/\">\n\t\t\t\tM\u00c3\u00a9thodes pour Prot\u00c3\u00a9ger Les Jeunes Plants du Froid &#8211; VOIX D&rsquo;AGRICULTEUR\t\t\t<\/a>\n\t\t<\/h3>\n\t\t\t\t<div class=\"elementor-post__excerpt\">\n\t\t\t<p>Mert \u0130zgi, directeur g\u00e9n\u00e9ral de pack&amp;net, une entreprise nationale d&#8217;emballage, parle de l&rsquo;utilisation d&rsquo;un filet en plastique extrud\u00e9 pour prot\u00e9ger les jeunes arbres du froid<\/p>\n\t\t<\/div>\n\t\t\n\t\t<a class=\"elementor-post__read-more\" href=\"https:\/\/packnet.com.tr\/fr\/mathodes-pour-protager-les-jeunes-plants-du-froid-voix-dagriculteur\/\" aria-label=\"En savoir plus sur M\u00c3\u00a9thodes pour Prot\u00c3\u00a9ger Les Jeunes Plants du Froid &#8211; VOIX D&rsquo;AGRICULTEUR\" tabindex=\"-1\">\n\t\t\tLire la suite \u00bb\t\t<\/a>\n\n\t\t\t\t<\/div>\n\t\t\t\t<div class=\"elementor-post__meta-data\">\n\t\t\t\t\t<span class=\"elementor-post-date\">\n\t\t\t22 septembre 2023\t\t<\/span>\n\t\t\t\t<\/div>\n\t\t\t\t\t<\/div>\n\t\t<\/article>\n\t\t\t\t<article class=\"elementor-post elementor-grid-item post-6143 post type-post status-publish format-standard has-post-thumbnail hentry category-non-classifiee\" role=\"listitem\">\n\t\t\t<div class=\"elementor-post__card\">\n\t\t\t\t<a class=\"elementor-post__thumbnail__link\" href=\"https:\/\/packnet.com.tr\/fr\/filet-de-sacurita-pour-la-construction\/\" tabindex=\"-1\"><div class=\"elementor-post__thumbnail\"><img decoding=\"async\" width=\"1920\" height=\"600\" src=\"https:\/\/packnet.com.tr\/wp-content\/uploads\/2022\/08\/insaat-guvenlik-filesi.jpg\" class=\"attachment-full size-full wp-image-5088\" alt=\"\" srcset=\"https:\/\/packnet.com.tr\/wp-content\/uploads\/2022\/08\/insaat-guvenlik-filesi.jpg 1920w, https:\/\/packnet.com.tr\/wp-content\/uploads\/2022\/08\/insaat-guvenlik-filesi-300x94.jpg 300w, https:\/\/packnet.com.tr\/wp-content\/uploads\/2022\/08\/insaat-guvenlik-filesi-1024x320.jpg 1024w, https:\/\/packnet.com.tr\/wp-content\/uploads\/2022\/08\/insaat-guvenlik-filesi-768x240.jpg 768w, https:\/\/packnet.com.tr\/wp-content\/uploads\/2022\/08\/insaat-guvenlik-filesi-1536x480.jpg 1536w\" sizes=\"(max-width: 1920px) 100vw, 1920px\" \/><\/div><\/a>\n\t\t\t\t<div class=\"elementor-post__text\">\n\t\t\t\t<h3 class=\"elementor-post__title\">\n\t\t\t<a href=\"https:\/\/packnet.com.tr\/fr\/filet-de-sacurita-pour-la-construction\/\">\n\t\t\t\tFilet de S\u00c3\u00a9curit\u00c3\u00a9 pour la Construction\t\t\t<\/a>\n\t\t<\/h3>\n\t\t\t\t<div class=\"elementor-post__excerpt\">\n\t\t\t<p>Le filet de s\u00e9curit\u00e9 pour la construction ou filet de s\u00e9curit\u00e9 pour la construction est un syst\u00e8me de s\u00e9curit\u00e9 contre la chute de personnes, de<\/p>\n\t\t<\/div>\n\t\t\n\t\t<a class=\"elementor-post__read-more\" href=\"https:\/\/packnet.com.tr\/fr\/filet-de-sacurita-pour-la-construction\/\" aria-label=\"En savoir plus sur Filet de S\u00c3\u00a9curit\u00c3\u00a9 pour la Construction\" tabindex=\"-1\">\n\t\t\tLire la suite \u00bb\t\t<\/a>\n\n\t\t\t\t<\/div>\n\t\t\t\t<div class=\"elementor-post__meta-data\">\n\t\t\t\t\t<span class=\"elementor-post-date\">\n\t\t\t22 septembre 2023\t\t<\/span>\n\t\t\t\t<\/div>\n\t\t\t\t\t<\/div>\n\t\t<\/article>\n\t\t\t\t<article class=\"elementor-post elementor-grid-item post-6136 post type-post status-publish format-standard has-post-thumbnail hentry category-non-classifiee\" role=\"listitem\">\n\t\t\t<div class=\"elementor-post__card\">\n\t\t\t\t<a class=\"elementor-post__thumbnail__link\" href=\"https:\/\/packnet.com.tr\/fr\/filet-de-pommes\/\" tabindex=\"-1\"><div class=\"elementor-post__thumbnail\"><img loading=\"lazy\" decoding=\"async\" width=\"1290\" height=\"500\" src=\"https:\/\/packnet.com.tr\/wp-content\/uploads\/2022\/08\/elma-filesi.jpg\" class=\"attachment-full size-full wp-image-5154\" alt=\"\" srcset=\"https:\/\/packnet.com.tr\/wp-content\/uploads\/2022\/08\/elma-filesi.jpg 1290w, https:\/\/packnet.com.tr\/wp-content\/uploads\/2022\/08\/elma-filesi-300x116.jpg 300w, https:\/\/packnet.com.tr\/wp-content\/uploads\/2022\/08\/elma-filesi-1024x397.jpg 1024w, https:\/\/packnet.com.tr\/wp-content\/uploads\/2022\/08\/elma-filesi-768x298.jpg 768w\" sizes=\"(max-width: 1290px) 100vw, 1290px\" \/><\/div><\/a>\n\t\t\t\t<div class=\"elementor-post__text\">\n\t\t\t\t<h3 class=\"elementor-post__title\">\n\t\t\t<a href=\"https:\/\/packnet.com.tr\/fr\/filet-de-pommes\/\">\n\t\t\t\tFilet de Pommes\t\t\t<\/a>\n\t\t<\/h3>\n\t\t\t\t<div class=\"elementor-post__excerpt\">\n\t\t\t<p>Syst\u00e8mes d&#8217;emballage dans l&rsquo;industrie manufacturi\u00e8re Pour les fabricants et les distributeurs, le stockage s\u00fbr des produits apr\u00e8s leur fabrication et leur pr\u00e9servation dans le processus<\/p>\n\t\t<\/div>\n\t\t\n\t\t<a class=\"elementor-post__read-more\" href=\"https:\/\/packnet.com.tr\/fr\/filet-de-pommes\/\" aria-label=\"En savoir plus sur Filet de Pommes\" tabindex=\"-1\">\n\t\t\tLire la suite \u00bb\t\t<\/a>\n\n\t\t\t\t<\/div>\n\t\t\t\t<div class=\"elementor-post__meta-data\">\n\t\t\t\t\t<span class=\"elementor-post-date\">\n\t\t\t11 septembre 2023\t\t<\/span>\n\t\t\t\t<\/div>\n\t\t\t\t\t<\/div>\n\t\t<\/article>\n\t\t\t\t<article class=\"elementor-post elementor-grid-item post-6130 post type-post status-publish format-standard has-post-thumbnail hentry category-non-classifiee\" role=\"listitem\">\n\t\t\t<div class=\"elementor-post__card\">\n\t\t\t\t<a class=\"elementor-post__thumbnail__link\" href=\"https:\/\/packnet.com.tr\/fr\/nous-avons-pris-place-a-la-foire-fruit-logistica-de-berlin\/\" tabindex=\"-1\"><div class=\"elementor-post__thumbnail\"><img loading=\"lazy\" decoding=\"async\" width=\"1920\" height=\"600\" src=\"https:\/\/packnet.com.tr\/wp-content\/uploads\/2022\/09\/berlin-fruit-logistica.jpg\" class=\"attachment-full size-full wp-image-5091\" alt=\"\" srcset=\"https:\/\/packnet.com.tr\/wp-content\/uploads\/2022\/09\/berlin-fruit-logistica.jpg 1920w, https:\/\/packnet.com.tr\/wp-content\/uploads\/2022\/09\/berlin-fruit-logistica-300x94.jpg 300w, https:\/\/packnet.com.tr\/wp-content\/uploads\/2022\/09\/berlin-fruit-logistica-1024x320.jpg 1024w, https:\/\/packnet.com.tr\/wp-content\/uploads\/2022\/09\/berlin-fruit-logistica-768x240.jpg 768w, https:\/\/packnet.com.tr\/wp-content\/uploads\/2022\/09\/berlin-fruit-logistica-1536x480.jpg 1536w\" sizes=\"(max-width: 1920px) 100vw, 1920px\" \/><\/div><\/a>\n\t\t\t\t<div class=\"elementor-post__text\">\n\t\t\t\t<h3 class=\"elementor-post__title\">\n\t\t\t<a href=\"https:\/\/packnet.com.tr\/fr\/nous-avons-pris-place-a-la-foire-fruit-logistica-de-berlin\/\">\n\t\t\t\tNous avons pris place \u00e0 la foire Fruit Logistica de Berlin\t\t\t<\/a>\n\t\t<\/h3>\n\t\t\t\t<div class=\"elementor-post__excerpt\">\n\t\t\t<p>Des exposants et des visiteurs de 86 pays participent chaque ann\u00e9e \u00e0 la FRUIT LOGISTICA pour s&rsquo;informer sur les innovations dans le commerce international des<\/p>\n\t\t<\/div>\n\t\t\n\t\t<a class=\"elementor-post__read-more\" href=\"https:\/\/packnet.com.tr\/fr\/nous-avons-pris-place-a-la-foire-fruit-logistica-de-berlin\/\" aria-label=\"En savoir plus sur Nous avons pris place \u00e0 la foire Fruit Logistica de Berlin\" tabindex=\"-1\">\n\t\t\tLire la suite \u00bb\t\t<\/a>\n\n\t\t\t\t<\/div>\n\t\t\t\t<div class=\"elementor-post__meta-data\">\n\t\t\t\t\t<span class=\"elementor-post-date\">\n\t\t\t11 septembre 2023\t\t<\/span>\n\t\t\t\t<\/div>\n\t\t\t\t\t<\/div>\n\t\t<\/article>\n\t\t\t\t<article class=\"elementor-post elementor-grid-item post-6124 post type-post status-publish format-standard has-post-thumbnail hentry category-non-classifiee\" role=\"listitem\">\n\t\t\t<div class=\"elementor-post__card\">\n\t\t\t\t<a class=\"elementor-post__thumbnail__link\" href=\"https:\/\/packnet.com.tr\/fr\/les-moules-a-saveur-de-rue-indispensables-et-lutilisation-de-filets-a-moules-dans-le-processus-dapprovisionnement\/\" tabindex=\"-1\"><div class=\"elementor-post__thumbnail\"><img loading=\"lazy\" decoding=\"async\" width=\"1920\" height=\"600\" src=\"https:\/\/packnet.com.tr\/wp-content\/uploads\/2022\/09\/midye-ve-midyefilesi.jpg\" class=\"attachment-full size-full wp-image-5109\" alt=\"\" srcset=\"https:\/\/packnet.com.tr\/wp-content\/uploads\/2022\/09\/midye-ve-midyefilesi.jpg 1920w, https:\/\/packnet.com.tr\/wp-content\/uploads\/2022\/09\/midye-ve-midyefilesi-300x94.jpg 300w, https:\/\/packnet.com.tr\/wp-content\/uploads\/2022\/09\/midye-ve-midyefilesi-1024x320.jpg 1024w, https:\/\/packnet.com.tr\/wp-content\/uploads\/2022\/09\/midye-ve-midyefilesi-768x240.jpg 768w, https:\/\/packnet.com.tr\/wp-content\/uploads\/2022\/09\/midye-ve-midyefilesi-1536x480.jpg 1536w\" sizes=\"(max-width: 1920px) 100vw, 1920px\" \/><\/div><\/a>\n\t\t\t\t<div class=\"elementor-post__text\">\n\t\t\t\t<h3 class=\"elementor-post__title\">\n\t\t\t<a href=\"https:\/\/packnet.com.tr\/fr\/les-moules-a-saveur-de-rue-indispensables-et-lutilisation-de-filets-a-moules-dans-le-processus-dapprovisionnement\/\">\n\t\t\t\tLes Moules \u00e0 Saveur de rue indispensables et l&rsquo;utilisation de Filets \u00e0 Moules dans le Processus d&rsquo;approvisionnement\t\t\t<\/a>\n\t\t<\/h3>\n\t\t\t\t<div class=\"elementor-post__excerpt\">\n\t\t\t<p>Importance de la Mytiliculture en Turquie et M\u00e9thodes de Protection Aujourd&rsquo;hui, la culture de la cuisine de rue s&rsquo;est consid\u00e9rablement d\u00e9velopp\u00e9e. En particulier, la consommation<\/p>\n\t\t<\/div>\n\t\t\n\t\t<a class=\"elementor-post__read-more\" href=\"https:\/\/packnet.com.tr\/fr\/les-moules-a-saveur-de-rue-indispensables-et-lutilisation-de-filets-a-moules-dans-le-processus-dapprovisionnement\/\" aria-label=\"En savoir plus sur Les Moules \u00e0 Saveur de rue indispensables et l&rsquo;utilisation de Filets \u00e0 Moules dans le Processus d&rsquo;approvisionnement\" tabindex=\"-1\">\n\t\t\tLire la suite \u00bb\t\t<\/a>\n\n\t\t\t\t<\/div>\n\t\t\t\t<div class=\"elementor-post__meta-data\">\n\t\t\t\t\t<span class=\"elementor-post-date\">\n\t\t\t11 septembre 2023\t\t<\/span>\n\t\t\t\t<\/div>\n\t\t\t\t\t<\/div>\n\t\t<\/article>\n\t\t\t\t<article class=\"elementor-post elementor-grid-item post-6118 post type-post status-publish format-standard has-post-thumbnail hentry category-non-classifiee\" role=\"listitem\">\n\t\t\t<div class=\"elementor-post__card\">\n\t\t\t\t<a class=\"elementor-post__thumbnail__link\" href=\"https:\/\/packnet.com.tr\/fr\/transport-daliments-secs\/\" tabindex=\"-1\"><div class=\"elementor-post__thumbnail\"><img loading=\"lazy\" decoding=\"async\" width=\"1920\" height=\"600\" src=\"https:\/\/packnet.com.tr\/wp-content\/uploads\/2022\/10\/kuru-gida-tasimaciligi.jpg\" class=\"attachment-full size-full wp-image-5148\" alt=\"\" srcset=\"https:\/\/packnet.com.tr\/wp-content\/uploads\/2022\/10\/kuru-gida-tasimaciligi.jpg 1920w, https:\/\/packnet.com.tr\/wp-content\/uploads\/2022\/10\/kuru-gida-tasimaciligi-300x94.jpg 300w, https:\/\/packnet.com.tr\/wp-content\/uploads\/2022\/10\/kuru-gida-tasimaciligi-1024x320.jpg 1024w, https:\/\/packnet.com.tr\/wp-content\/uploads\/2022\/10\/kuru-gida-tasimaciligi-768x240.jpg 768w, https:\/\/packnet.com.tr\/wp-content\/uploads\/2022\/10\/kuru-gida-tasimaciligi-1536x480.jpg 1536w\" sizes=\"(max-width: 1920px) 100vw, 1920px\" \/><\/div><\/a>\n\t\t\t\t<div class=\"elementor-post__text\">\n\t\t\t\t<h3 class=\"elementor-post__title\">\n\t\t\t<a href=\"https:\/\/packnet.com.tr\/fr\/transport-daliments-secs\/\">\n\t\t\t\tTransport d&rsquo;aliments Secs\t\t\t<\/a>\n\t\t<\/h3>\n\t\t\t\t<div class=\"elementor-post__excerpt\">\n\t\t\t<p>Comment doit se d\u00e9rouler le Transport des aliments Secs? En raison de la prolif\u00e9ration du commerce \u00e9lectronique et des possibilit\u00e9s accrues d&rsquo;atteindre les clients, le<\/p>\n\t\t<\/div>\n\t\t\n\t\t<a class=\"elementor-post__read-more\" href=\"https:\/\/packnet.com.tr\/fr\/transport-daliments-secs\/\" aria-label=\"En savoir plus sur Transport d&rsquo;aliments Secs\" tabindex=\"-1\">\n\t\t\tLire la suite \u00bb\t\t<\/a>\n\n\t\t\t\t<\/div>\n\t\t\t\t<div class=\"elementor-post__meta-data\">\n\t\t\t\t\t<span class=\"elementor-post-date\">\n\t\t\t10 septembre 2023\t\t<\/span>\n\t\t\t\t<\/div>\n\t\t\t\t\t<\/div>\n\t\t<\/article>\n\t\t\t\t<\/div>\n\t\t\n\t\t\t\t\t\t<\/div>\n\t\t\t\t<\/div>\n\t\t\t\t\t<\/div>\n\t\t\t\t<\/div>\n\t\t\t\t<\/div>\n\t\t","protected":false},"excerpt":{"rendered":"","protected":false},"author":1,"featured_media":0,"parent":0,"menu_order":0,"comment_status":"closed","ping_status":"closed","template":"","meta":{"footnotes":""},"class_list":["post-5838","page","type-page","status-publish","hentry"],"_links":{"self":[{"href":"https:\/\/packnet.com.tr\/fr\/wp-json\/wp\/v2\/pages\/5838","targetHints":{"allow":["GET"]}}],"collection":[{"href":"https:\/\/packnet.com.tr\/fr\/wp-json\/wp\/v2\/pages"}],"about":[{"href":"https:\/\/packnet.com.tr\/fr\/wp-json\/wp\/v2\/types\/page"}],"author":[{"embeddable":true,"href":"https:\/\/packnet.com.tr\/fr\/wp-json\/wp\/v2\/users\/1"}],"replies":[{"embeddable":true,"href":"https:\/\/packnet.com.tr\/fr\/wp-json\/wp\/v2\/comments?post=5838"}],"version-history":[{"count":0,"href":"https:\/\/packnet.com.tr\/fr\/wp-json\/wp\/v2\/pages\/5838\/revisions"}],"wp:attachment":[{"href":"https:\/\/packnet.com.tr\/fr\/wp-json\/wp\/v2\/media?parent=5838"}],"curies":[{"name":"wp","href":"https:\/\/api.w.org\/{rel}","templated":true}]}}