{"id":6086,"date":"2023-09-10T22:11:34","date_gmt":"2023-09-10T19:11:34","guid":{"rendered":"https:\/\/packnet.com.tr\/texte-de-clarification\/"},"modified":"2023-09-10T22:11:38","modified_gmt":"2023-09-10T19:11:38","slug":"texte-de-clarification","status":"publish","type":"page","link":"https:\/\/packnet.com.tr\/fr\/texte-de-clarification\/","title":{"rendered":"Texte de clarification"},"content":{"rendered":"\t\t<div data-elementor-type=\"wp-page\" data-elementor-id=\"6086\" class=\"elementor elementor-6086 elementor-5\" data-elementor-post-type=\"page\">\n\t\t\t\t\t\t<section class=\"elementor-section elementor-top-section elementor-element elementor-element-fd2a7d0 elementor-section-boxed elementor-section-height-default elementor-section-height-default\" data-id=\"fd2a7d0\" data-element_type=\"section\">\n\t\t\t\t\t\t<div class=\"elementor-container elementor-column-gap-default\">\n\t\t\t\t\t<div class=\"elementor-column elementor-col-100 elementor-top-column elementor-element elementor-element-aff63d7\" data-id=\"aff63d7\" data-element_type=\"column\">\n\t\t\t<div class=\"elementor-widget-wrap elementor-element-populated\">\n\t\t\t\t\t\t<div class=\"elementor-element elementor-element-11db0fb elementor-widget elementor-widget-heading\" data-id=\"11db0fb\" data-element_type=\"widget\" data-widget_type=\"heading.default\">\n\t\t\t\t<div class=\"elementor-widget-container\">\n\t\t\t\t\t<h1 class=\"elementor-heading-title elementor-size-default\">Texte de clarification du KVKK<\/h1>\t\t\t\t<\/div>\n\t\t\t\t<\/div>\n\t\t\t\t<div class=\"elementor-element elementor-element-a69a0d0 elementor-widget elementor-widget-text-editor\" data-id=\"a69a0d0\" data-element_type=\"widget\" data-widget_type=\"text-editor.default\">\n\t\t\t\t<div class=\"elementor-widget-container\">\n\t\t\t\t\t\t\t\t\t<h2><strong>Texte de clarification concernant les donn\u00e9es personnelles trait\u00e9es dans le formulaire de contact<\/strong><\/h2>\n<p>Ce texte de clarification est soumis par <strong>PACK&amp;NET AMBALAJ SAN VE T\u0130C A.\u015e (\u00ab\u00a0pack&amp;net\u00a0\u00bb)<\/strong> conform\u00e9ment \u00e0 l&rsquo;article 10 de la loi n\u00b0 6698 sur la protection des donn\u00e9es personnelles (\u00ab\u00a0KVKK\u00a0\u00bb) et le communiqu\u00e9 sur les proc\u00e9dures et principes \u00e0 suivre pour remplir l&rsquo;obligation de divulgation, afin de vous informer des objectifs du traitement de vos donn\u00e9es personnelles, des raisons l\u00e9gales, de la m\u00e9thode de collecte, des personnes \u00e0 qui elles peuvent \u00eatre transf\u00e9r\u00e9es et de vos droits en vertu de la loi sur la protection des donn\u00e9es personnelles (KVKK)<\/p>\n<p>Vos donn\u00e9es personnelles (nom et adresse \u00e9lectronique) que vous communiquez par le biais du formulaire de contact de notre site Web sont trait\u00e9es dans le but d&rsquo;effectuer le travail n\u00e9cessaire par les unit\u00e9s commerciales afin de faire b\u00e9n\u00e9ficier les personnes concern\u00e9es des produits et services offerts par notre soci\u00e9t\u00e9, d&rsquo;effectuer les processus commerciaux pertinents et de vous contacter \u00e0 propos du sujet pour lequel vous avez postul\u00e9. En outre, nous n&rsquo;avons aucun contr\u00f4le absolu sur les informations que vous partagez avec ce formulaire. Nous vous conseillons de ne pas partager vos donn\u00e9es personnelles et les donn\u00e9es personnelles sensibles que vous ne voulez pas que nous connaissions avec notre entreprise.<\/p>\n<p>Les donn\u00e9es personnelles en question sont soumises aux dispositions de l&rsquo;article 5 de la loi sur la protection des donn\u00e9es. \u00ab\u00a0Pour autant qu&rsquo;il ne porte pas atteinte aux libert\u00e9s et droits fondamentaux de la personne concern\u00e9e, le traitement des donn\u00e9es est obligatoire pour les int\u00e9r\u00eats l\u00e9gitimes du responsable du traitement\u00a0\u00bb et \u00ab\u00a0il est obligatoire pour le responsable du traitement de remplir son obligation l\u00e9gale\u00a0\u00bb et ne sera partag\u00e9 qu&rsquo;avec les autorit\u00e9s judiciaires comp\u00e9tentes dans le cadre de litiges juridiques.<\/p>\n<p>Article 11 de la loi r\u00e9gissant les droits de la personne concern\u00e9e. Vous pouvez soumettre vos demandes dans le cadre de l&rsquo;article conform\u00e9ment au \u00ab\u00a0Communiqu\u00e9 sur les proc\u00e9dures et principes d&rsquo;application au contr\u00f4leur de donn\u00e9es\u00a0\u00bb, <strong>PACK&amp;NET AMBALAJ SAN VE T\u0130C A.\u015e (\u00ab\u00a0pack&amp;net\u00a0\u00bb)<\/strong> <strong>GEPOSB Atat\u00fcrk Bulvar\u0131 9.Cd 92.Sk 41400 Gebze \/ KOCAEL\u0130 <\/strong> ou l&rsquo;envoyer par \u00e9crit \u00e0 <a href=\"mailto:info@packnet.com.tr\">info@packnet.com.tr<\/a> adresse \u00e9lectronique.<\/p>\n\t\t\t\t\t\t\t\t<\/div>\n\t\t\t\t<\/div>\n\t\t\t\t\t<\/div>\n\t\t<\/div>\n\t\t\t\t\t<\/div>\n\t\t<\/section>\n\t\t\t\t<\/div>\n\t\t","protected":false},"excerpt":{"rendered":"<p>Texte de clarification du KVKK Texte de clarification concernant les donn\u00e9es personnelles trait\u00e9es dans le formulaire de contact Ce texte de clarification est soumis par PACK&amp;NET AMBALAJ SAN VE T\u0130C A.\u015e (\u00ab\u00a0pack&amp;net\u00a0\u00bb) conform\u00e9ment \u00e0 l&rsquo;article 10 de la loi n\u00b0 6698 sur la protection des donn\u00e9es personnelles (\u00ab\u00a0KVKK\u00a0\u00bb) et le communiqu\u00e9 sur les proc\u00e9dures et [&hellip;]<\/p>\n","protected":false},"author":1,"featured_media":0,"parent":0,"menu_order":0,"comment_status":"closed","ping_status":"open","template":"","meta":{"footnotes":""},"class_list":["post-6086","page","type-page","status-publish","hentry"],"_links":{"self":[{"href":"https:\/\/packnet.com.tr\/fr\/wp-json\/wp\/v2\/pages\/6086","targetHints":{"allow":["GET"]}}],"collection":[{"href":"https:\/\/packnet.com.tr\/fr\/wp-json\/wp\/v2\/pages"}],"about":[{"href":"https:\/\/packnet.com.tr\/fr\/wp-json\/wp\/v2\/types\/page"}],"author":[{"embeddable":true,"href":"https:\/\/packnet.com.tr\/fr\/wp-json\/wp\/v2\/users\/1"}],"replies":[{"embeddable":true,"href":"https:\/\/packnet.com.tr\/fr\/wp-json\/wp\/v2\/comments?post=6086"}],"version-history":[{"count":0,"href":"https:\/\/packnet.com.tr\/fr\/wp-json\/wp\/v2\/pages\/6086\/revisions"}],"wp:attachment":[{"href":"https:\/\/packnet.com.tr\/fr\/wp-json\/wp\/v2\/media?parent=6086"}],"curies":[{"name":"wp","href":"https:\/\/api.w.org\/{rel}","templated":true}]}}